{"id":370,"date":"2020-10-20T11:05:09","date_gmt":"2020-10-20T11:05:09","guid":{"rendered":"https:\/\/qi28.qodeinteractive.com\/?page_id=370"},"modified":"2023-04-06T13:20:59","modified_gmt":"2023-04-06T13:20:59","slug":"contact-us","status":"publish","type":"page","link":"https:\/\/upack.mcdp.ro\/index.php\/contact-us\/","title":{"rendered":"Contact Us"},"content":{"rendered":"\t\t<div data-elementor-type=\"wp-page\" data-elementor-id=\"370\" class=\"elementor elementor-370\">\n\t\t\t\t\t\t\t\t\t<section class=\"elementor-section elementor-top-section elementor-element elementor-element-c405f1c elementor-section-full_width elementor-section-height-default elementor-section-height-default qodef-elementor-content-no\" data-id=\"c405f1c\" data-element_type=\"section\" data-settings=\"{&quot;background_background&quot;:&quot;classic&quot;}\">\n\t\t\t\t\t\t<div class=\"elementor-container elementor-column-gap-default\">\n\t\t\t\t\t<div class=\"elementor-column elementor-col-50 elementor-top-column elementor-element elementor-element-0535da7\" data-id=\"0535da7\" data-element_type=\"column\" data-settings=\"{&quot;background_background&quot;:&quot;classic&quot;}\">\n\t\t\t<div class=\"elementor-widget-wrap elementor-element-populated\">\n\t\t\t\t\t\t\t\t<section class=\"elementor-section elementor-inner-section elementor-element elementor-element-7a18397 elementor-section-boxed elementor-section-height-default elementor-section-height-default qodef-elementor-content-no\" data-id=\"7a18397\" data-element_type=\"section\">\n\t\t\t\t\t\t<div class=\"elementor-container elementor-column-gap-default\">\n\t\t\t\t\t<div class=\"elementor-column elementor-col-100 elementor-inner-column elementor-element elementor-element-81c3bad\" data-id=\"81c3bad\" data-element_type=\"column\">\n\t\t\t<div class=\"elementor-widget-wrap elementor-element-populated\">\n\t\t\t\t\t\t\t\t<div class=\"elementor-element elementor-element-343d008 elementor-widget elementor-widget-qi_addons_for_elementor_section_title\" data-id=\"343d008\" data-element_type=\"widget\" data-widget_type=\"qi_addons_for_elementor_section_title.default\">\n\t\t\t\t<div class=\"elementor-widget-container\">\n\t\t\t<div class=\"qodef-shortcode qodef-m  qodef-qi-section-title  qodef-decoration--italic  qodef-link--underline-draw qodef-subtitle-icon--left\">\n\t\t\t\t\t\t<h1 class=\"qodef-m-title\">\n\t\tHai s\u0103 colabor\u0103m!<br \/>\t<\/h1>\n\t\t\t<\/div>\n\t\t<\/div>\n\t\t\t\t<\/div>\n\t\t\t\t\t<\/div>\n\t\t<\/div>\n\t\t\t\t\t\t\t<\/div>\n\t\t<\/section>\n\t\t\t\t\t<\/div>\n\t\t<\/div>\n\t\t\t\t<div class=\"elementor-column elementor-col-50 elementor-top-column elementor-element elementor-element-c2a03b5 elementor-hidden-phone\" data-id=\"c2a03b5\" data-element_type=\"column\">\n\t\t\t<div class=\"elementor-widget-wrap elementor-element-populated\">\n\t\t\t\t\t\t\t\t<div class=\"elementor-element elementor-element-fc4c46d elementor-widget elementor-widget-image\" data-id=\"fc4c46d\" data-element_type=\"widget\" data-widget_type=\"image.default\">\n\t\t\t\t<div class=\"elementor-widget-container\">\n\t\t\t<style>\/*! elementor - v3.13.3 - 28-05-2023 *\/\n.elementor-widget-image{text-align:center}.elementor-widget-image a{display:inline-block}.elementor-widget-image a img[src$=\".svg\"]{width:48px}.elementor-widget-image img{vertical-align:middle;display:inline-block}<\/style>\t\t\t\t\t\t\t\t\t\t\t\t<img loading=\"lazy\" decoding=\"async\" width=\"1159\" height=\"753\" src=\"https:\/\/upack.mcdp.ro\/wp-content\/uploads\/2023\/03\/1.png\" class=\"attachment-full size-full wp-image-1628\" alt=\"\" srcset=\"https:\/\/upack.mcdp.ro\/wp-content\/uploads\/2023\/03\/1.png 1159w, https:\/\/upack.mcdp.ro\/wp-content\/uploads\/2023\/03\/1-300x195.png 300w, https:\/\/upack.mcdp.ro\/wp-content\/uploads\/2023\/03\/1-1024x665.png 1024w, https:\/\/upack.mcdp.ro\/wp-content\/uploads\/2023\/03\/1-768x499.png 768w\" sizes=\"auto, (max-width: 1159px) 100vw, 1159px\" \/>\t\t\t\t\t\t\t\t\t\t\t\t\t\t\t<\/div>\n\t\t\t\t<\/div>\n\t\t\t\t\t<\/div>\n\t\t<\/div>\n\t\t\t\t\t\t\t<\/div>\n\t\t<\/section>\n\t\t\t\t<section class=\"elementor-section elementor-top-section elementor-element elementor-element-cd8d682 elementor-section-boxed elementor-section-height-default elementor-section-height-default qodef-elementor-content-no\" data-id=\"cd8d682\" data-element_type=\"section\" data-settings=\"{&quot;background_background&quot;:&quot;classic&quot;}\">\n\t\t\t\t\t\t<div class=\"elementor-container elementor-column-gap-default\">\n\t\t\t\t\t<div class=\"elementor-column elementor-col-100 elementor-top-column elementor-element elementor-element-976340b\" data-id=\"976340b\" data-element_type=\"column\">\n\t\t\t<div class=\"elementor-widget-wrap elementor-element-populated\">\n\t\t\t\t\t\t\t\t<div class=\"elementor-element elementor-element-746019c elementor-widget elementor-widget-qi_addons_for_elementor_section_title\" data-id=\"746019c\" data-element_type=\"widget\" data-widget_type=\"qi_addons_for_elementor_section_title.default\">\n\t\t\t\t<div class=\"elementor-widget-container\">\n\t\t\t<div class=\"qodef-shortcode qodef-m  qodef-qi-section-title  qodef-decoration--italic  qodef-link--underline-draw qodef-subtitle-icon--left\">\n\t\t\t\t\t\t\t\t<div class=\"qodef-m-text\"><h4>*Prin coresponden\u021ba cu ESYSSERVICES S.r.l., sunte\u021bi implicit de acord cu privire la utilizarea \u0219i prelucrarea datelor dumneavoastr\u0103 cu caracter personal \u0219i libera circula\u021bie a acestor date referitoare la: identitate, tipologia datelor prelucrate \u0219i scopul \u00een care se face prelucrarea. Dreptul de opozi\u021bie se poate exercita printr-o cerere adresat\u0103 ESYSSERVICES S.r.l.<\/h4><h4>*\u00cen acest sens v\u0103 exprima\u021bi acordul cu privire la prelucrarea \/arhivarea \/stocarea datelor cu caracter personal \u00een scopul folosirii ulterioare a acestora, pentru incheierea pe viitor, a altor documente \u00een care suntem p\u0103r\u021bi, p\u00e2n\u0103 la data la care v\u0103 ve\u021bi manifesta opozi\u021bia \u00een acest sens printr-o cerere adresat\u0103 ESYSSERVICES S.r.l.<\/h4><\/div>\n\t<\/div>\n\t\t<\/div>\n\t\t\t\t<\/div>\n\t\t\t\t\t<\/div>\n\t\t<\/div>\n\t\t\t\t\t\t\t<\/div>\n\t\t<\/section>\n\t\t\t\t<section class=\"elementor-section elementor-top-section elementor-element elementor-element-3f4a0b2 qodef-elementor-content-grid elementor-section-boxed elementor-section-height-default elementor-section-height-default\" data-id=\"3f4a0b2\" data-element_type=\"section\" data-settings=\"{&quot;background_background&quot;:&quot;classic&quot;}\">\n\t\t\t\t\t\t<div class=\"elementor-container elementor-column-gap-default\">\n\t\t\t\t\t<div class=\"elementor-column elementor-col-100 elementor-top-column elementor-element elementor-element-5e80144\" data-id=\"5e80144\" data-element_type=\"column\">\n\t\t\t<div class=\"elementor-widget-wrap elementor-element-populated\">\n\t\t\t\t\t\t\t\t<div class=\"elementor-element elementor-element-059e155 elementor-widget elementor-widget-text-editor\" data-id=\"059e155\" data-element_type=\"widget\" data-widget_type=\"text-editor.default\">\n\t\t\t\t<div class=\"elementor-widget-container\">\n\t\t\t<style>\/*! elementor - v3.13.3 - 28-05-2023 *\/\n.elementor-widget-text-editor.elementor-drop-cap-view-stacked .elementor-drop-cap{background-color:#69727d;color:#fff}.elementor-widget-text-editor.elementor-drop-cap-view-framed .elementor-drop-cap{color:#69727d;border:3px solid;background-color:transparent}.elementor-widget-text-editor:not(.elementor-drop-cap-view-default) .elementor-drop-cap{margin-top:8px}.elementor-widget-text-editor:not(.elementor-drop-cap-view-default) .elementor-drop-cap-letter{width:1em;height:1em}.elementor-widget-text-editor .elementor-drop-cap{float:left;text-align:center;line-height:1;font-size:50px}.elementor-widget-text-editor .elementor-drop-cap-letter{display:inline-block}<\/style>\t\t\t\t<h4>Sediul nostru!<\/h4>\t\t\t\t\t\t<\/div>\n\t\t\t\t<\/div>\n\t\t\t\t<div class=\"elementor-element elementor-element-5a6fdef elementor-widget elementor-widget-qi_addons_for_elementor_icon_with_text\" data-id=\"5a6fdef\" data-element_type=\"widget\" data-widget_type=\"qi_addons_for_elementor_icon_with_text.default\">\n\t\t\t\t<div class=\"elementor-widget-container\">\n\t\t\t<div class=\"qodef-shortcode qodef-m  qodef-qi-icon-with-text qodef-layout--before-content    qodef--custom-icon qodef-column-responsive--never\" >\n\t\t\t<div class=\"qodef-m-icon-wrapper\">\n\t\t\t\t<a itemprop=\"url\" href=\"https:\/\/www.google.com\/maps?q=Fast+Box+Springfield+Inc.+47+Federal+Street&#038;um=1&#038;ie=UTF-8&#038;sa=X&#038;ved=2ahUKEwjqmZGR0sDsAhWHRhUIHfA_BmwQ_AUoAXoECAcQAw\" target=\"_blank\">\n\t<div class=\"qodef-m-icon-holder\">\n\t\t<svg xmlns=\"http:\/\/www.w3.org\/2000\/svg\" viewbox=\"0 0 11 16\" style=\"stroke: transparent;\"><path d=\"M5.16,15.7c-.31-.36-.7-.87-1.18-1.52s-1-1.35-1.44-2.13A16.34,16.34,0,0,1,1.25,9.47,9.72,9.72,0,0,1,.56,6.82,4.56,4.56,0,0,1,.5,6.1a5.48,5.48,0,0,1,1.61-4A5.26,5.26,0,0,1,6,.5,5.26,5.26,0,0,1,9.89,2.14a5.48,5.48,0,0,1,1.61,4,4.39,4.39,0,0,1-.06.69,9.67,9.67,0,0,1-.71,2.7A17.45,17.45,0,0,1,9.51,12c-.43.72-.92,1.45-1.46,2.19s-.91,1.24-1.12,1.49a6.88,6.88,0,0,1-.49.56,2.4,2.4,0,0,1-.24.22l-.15,0-.16,0a.85.85,0,0,1-.24-.22A3.81,3.81,0,0,1,5.16,15.7ZM1.48,6.1q0,.25,0,.6A9,9,0,0,0,2.2,9.22,15.84,15.84,0,0,0,3.56,11.8c.53.82,1,1.48,1.37,2s.75,1,1.12,1.43c.34-.44.7-.92,1.07-1.43s.82-1.17,1.35-2A14.3,14.3,0,0,0,9.8,9.22a9.62,9.62,0,0,0,.66-2.52,3.57,3.57,0,0,0,.06-.6A4.45,4.45,0,0,0,9.19,2.85,4.35,4.35,0,0,0,6,1.5,4.29,4.29,0,0,0,2.8,2.85,4.48,4.48,0,0,0,1.48,6.1Zm2,0a2.55,2.55,0,0,1,.75-1.85A2.45,2.45,0,0,1,6,3.51a2.45,2.45,0,0,1,1.81.76,2.55,2.55,0,0,1,.75,1.85A2.55,2.55,0,0,1,7.81,8,2.45,2.45,0,0,1,6,8.73,2.45,2.45,0,0,1,4.19,8,2.55,2.55,0,0,1,3.44,6.12Zm1,0a1.59,1.59,0,0,0,.46,1.14A1.49,1.49,0,0,0,6,7.73a1.49,1.49,0,0,0,1.12-.47A1.64,1.64,0,0,0,7.12,5,1.49,1.49,0,0,0,6,4.51,1.49,1.49,0,0,0,4.88,5,1.59,1.59,0,0,0,4.42,6.12Z\" transform=\"translate(-0.5 -0.5)\"><\/path><\/svg>\t<\/div>\n\t<\/a>\n\t\t<\/div>\n\t\t<div class=\"qodef-m-content\">\n\t\t\t<p class=\"qodef-m-title\">\n\t\t\t\t\t<a itemprop=\"url\" href=\"https:\/\/www.google.com\/maps?q=Fast+Box+Springfield+Inc.+47+Federal+Street&#038;um=1&#038;ie=UTF-8&#038;sa=X&#038;ved=2ahUKEwjqmZGR0sDsAhWHRhUIHfA_BmwQ_AUoAXoECAcQAw\" target=\"_blank\">\n\t\t\t\t\t<span class=\"qodef-m-title-text\"> Aleea Invatatorilor nr. 2, bl. M2, ap. 29, 810532 BRAILA - ROMANIA<\/span>\n\t\t\t\t\t<\/a>\n\t\t\t<\/p>\n\t\t\t\t\t\t\t<\/div>\n<\/div>\n\t\t<\/div>\n\t\t\t\t<\/div>\n\t\t\t\t<div class=\"elementor-element elementor-element-07aeb75 elementor-widget elementor-widget-qi_addons_for_elementor_icon_with_text\" data-id=\"07aeb75\" data-element_type=\"widget\" data-widget_type=\"qi_addons_for_elementor_icon_with_text.default\">\n\t\t\t\t<div class=\"elementor-widget-container\">\n\t\t\t<div class=\"qodef-shortcode qodef-m  qodef-qi-icon-with-text qodef-layout--before-content    qodef--custom-icon qodef-column-responsive--never\" >\n\t\t\t<div class=\"qodef-m-icon-wrapper\">\n\t\t\t\t<a itemprop=\"url\" href=\"tel:0756350070\" target=\"_self\">\n\t<div class=\"qodef-m-icon-holder\">\n\t\t<svg xmlns=\"http:\/\/www.w3.org\/2000\/svg\" viewbox=\"0 0 9 16\" style=\"stroke: transparent;\"><path d=\"M2.5,16.88a.94.94,0,0,1-.7-.3,1,1,0,0,1-.3-.7v-14a1,1,0,0,1,.3-.71A.93.93,0,0,1,2.5.88h7a.94.94,0,0,1,.7.29,1,1,0,0,1,.3.71v14a1,1,0,0,1-1,1Zm0-3h7v-10h-7ZM5,1.88A.45.45,0,0,0,4.64,2a.49.49,0,0,0-.14.36.48.48,0,0,0,.14.35.51.51,0,0,0,.72,0,.48.48,0,0,0,.14-.35A.49.49,0,0,0,5.36,2,.45.45,0,0,0,5,1.88Zm1.06,14a.62.62,0,0,0,.57-.57.54.54,0,0,0-.18-.39.54.54,0,0,0-.39-.17.58.58,0,0,0-.56.56.54.54,0,0,0,.17.39A.54.54,0,0,0,6.06,15.88ZM7,1.88A.45.45,0,0,0,6.64,2a.49.49,0,0,0-.14.36.48.48,0,0,0,.14.35A.46.46,0,0,0,7,2.88H8a.46.46,0,0,0,.36-.15.48.48,0,0,0,.14-.35A.49.49,0,0,0,8.36,2,.45.45,0,0,0,8,1.88Z\" transform=\"translate(-1.5 -0.88)\"><\/path><\/svg>\t<\/div>\n\t<\/a>\n\t\t<\/div>\n\t\t<div class=\"qodef-m-content\">\n\t\t\t<p class=\"qodef-m-title\">\n\t\t\t\t\t<a itemprop=\"url\" href=\"tel:0756350070\" target=\"_self\">\n\t\t\t\t\t<span class=\"qodef-m-title-text\">+40 756 350 070<\/span>\n\t\t\t\t\t<\/a>\n\t\t\t<\/p>\n\t\t\t\t\t\t\t<\/div>\n<\/div>\n\t\t<\/div>\n\t\t\t\t<\/div>\n\t\t\t\t<div class=\"elementor-element elementor-element-80c365e elementor-widget elementor-widget-qi_addons_for_elementor_icon_with_text\" data-id=\"80c365e\" data-element_type=\"widget\" data-widget_type=\"qi_addons_for_elementor_icon_with_text.default\">\n\t\t\t\t<div class=\"elementor-widget-container\">\n\t\t\t<div class=\"qodef-shortcode qodef-m  qodef-qi-icon-with-text qodef-layout--before-content    qodef--custom-icon qodef-column-responsive--never\" >\n\t\t\t<div class=\"qodef-m-icon-wrapper\">\n\t\t\t\t<a itemprop=\"url\" href=\"mailto:info@upack.ro\" target=\"_self\">\n\t<div class=\"qodef-m-icon-holder\">\n\t\t<svg xmlns=\"http:\/\/www.w3.org\/2000\/svg\" viewbox=\"0 0 16 12\" style=\"stroke: transparent;\"><path d=\"M15.7.3A.94.94,0,0,1,16,1V11a.94.94,0,0,1-.3.7,1,1,0,0,1-.7.3H1a.94.94,0,0,1-.7-.3A.94.94,0,0,1,0,11V1A.94.94,0,0,1,.3.3.94.94,0,0,1,1,0H15A1,1,0,0,1,15.7.3ZM1,1V2.63L8,7.41l7-4.82,0,0V1ZM4.84,6.47,1,3.84v6.44ZM1.72,11H14.28l-4-4L8,8.59,5.69,7ZM15,10.28V3.78L11.16,6.44Z\" transform=\"translate(0 0)\"><\/path><\/svg>\t<\/div>\n\t<\/a>\n\t\t<\/div>\n\t\t<div class=\"qodef-m-content\">\n\t\t\t<p class=\"qodef-m-title\">\n\t\t\t\t\t<a itemprop=\"url\" href=\"mailto:info@upack.ro\" target=\"_self\">\n\t\t\t\t\t<span class=\"qodef-m-title-text\">info@upack.ro<\/span>\n\t\t\t\t\t<\/a>\n\t\t\t<\/p>\n\t\t\t\t\t\t\t<\/div>\n<\/div>\n\t\t<\/div>\n\t\t\t\t<\/div>\n\t\t\t\t\t<\/div>\n\t\t<\/div>\n\t\t\t\t\t\t\t<\/div>\n\t\t<\/section>\n\t\t\t\t<section class=\"elementor-section elementor-top-section elementor-element elementor-element-0f30fe4 elementor-section-boxed elementor-section-height-default elementor-section-height-default qodef-elementor-content-no\" data-id=\"0f30fe4\" data-element_type=\"section\" data-settings=\"{&quot;background_background&quot;:&quot;classic&quot;}\">\n\t\t\t\t\t\t<div class=\"elementor-container elementor-column-gap-default\">\n\t\t\t\t\t<div class=\"elementor-column elementor-col-100 elementor-top-column elementor-element elementor-element-383d5b4\" data-id=\"383d5b4\" data-element_type=\"column\">\n\t\t\t<div class=\"elementor-widget-wrap elementor-element-populated\">\n\t\t\t\t\t\t\t\t<div class=\"elementor-element elementor-element-d440a7b elementor-widget elementor-widget-google_maps\" data-id=\"d440a7b\" data-element_type=\"widget\" data-widget_type=\"google_maps.default\">\n\t\t\t\t<div class=\"elementor-widget-container\">\n\t\t\t<style>\/*! elementor - v3.13.3 - 28-05-2023 *\/\n.elementor-widget-google_maps .elementor-widget-container{overflow:hidden}.elementor-widget-google_maps .elementor-custom-embed{line-height:0}.elementor-widget-google_maps iframe{height:300px}<\/style>\t\t<div class=\"elementor-custom-embed\">\n\t\t\t<iframe loading=\"lazy\"\n\t\t\t\t\tsrc=\"https:\/\/maps.google.com\/maps?q=bl.%20M2%2C%20ap.%2029%20Aleea%20%C3%8Env%C4%83%C8%9B%C4%83torilor%202%20Br%C4%83ila%20817181&#038;t=m&#038;z=11&#038;output=embed&#038;iwloc=near\"\n\t\t\t\t\ttitle=\"bl. M2, ap. 29 Aleea \u00cenv\u0103\u021b\u0103torilor 2 Br\u0103ila 817181\"\n\t\t\t\t\taria-label=\"bl. M2, ap. 29 Aleea \u00cenv\u0103\u021b\u0103torilor 2 Br\u0103ila 817181\"\n\t\t\t><\/iframe>\n\t\t<\/div>\n\t\t\t\t<\/div>\n\t\t\t\t<\/div>\n\t\t\t\t\t<\/div>\n\t\t<\/div>\n\t\t\t\t\t\t\t<\/div>\n\t\t<\/section>\n\t\t\t\t\t\t\t<\/div>\n\t\t","protected":false},"excerpt":{"rendered":"<p>Hai s\u0103 colabor\u0103m! *Prin coresponden\u021ba cu ESYSSERVICES S.r.l., sunte\u021bi implicit de acord cu privire la utilizarea \u0219i prelucrarea datelor dumneavoastr\u0103 cu caracter personal \u0219i libera circula\u021bie a acestor date referitoare la: identitate, tipologia datelor prelucrate \u0219i scopul \u00een care se face prelucrarea. Dreptul de opozi\u021bie se poate exercita printr-o cerere adresat\u0103 ESYSSERVICES S.r.l. *\u00cen acest [&hellip;]<\/p>\n","protected":false},"author":1,"featured_media":0,"parent":0,"menu_order":0,"comment_status":"closed","ping_status":"closed","template":"qi-full-width.php","meta":{"content-type":"","footnotes":""},"class_list":["post-370","page","type-page","status-publish","hentry"],"_links":{"self":[{"href":"https:\/\/upack.mcdp.ro\/index.php\/wp-json\/wp\/v2\/pages\/370","targetHints":{"allow":["GET"]}}],"collection":[{"href":"https:\/\/upack.mcdp.ro\/index.php\/wp-json\/wp\/v2\/pages"}],"about":[{"href":"https:\/\/upack.mcdp.ro\/index.php\/wp-json\/wp\/v2\/types\/page"}],"author":[{"embeddable":true,"href":"https:\/\/upack.mcdp.ro\/index.php\/wp-json\/wp\/v2\/users\/1"}],"replies":[{"embeddable":true,"href":"https:\/\/upack.mcdp.ro\/index.php\/wp-json\/wp\/v2\/comments?post=370"}],"version-history":[{"count":48,"href":"https:\/\/upack.mcdp.ro\/index.php\/wp-json\/wp\/v2\/pages\/370\/revisions"}],"predecessor-version":[{"id":1872,"href":"https:\/\/upack.mcdp.ro\/index.php\/wp-json\/wp\/v2\/pages\/370\/revisions\/1872"}],"wp:attachment":[{"href":"https:\/\/upack.mcdp.ro\/index.php\/wp-json\/wp\/v2\/media?parent=370"}],"curies":[{"name":"wp","href":"https:\/\/api.w.org\/{rel}","templated":true}]}}