{"id":353,"date":"2020-10-20T10:50:18","date_gmt":"2020-10-20T10:50:18","guid":{"rendered":"https:\/\/qi28.qodeinteractive.com\/?page_id=353"},"modified":"2023-06-13T08:21:41","modified_gmt":"2023-06-13T08:21:41","slug":"despre-noi","status":"publish","type":"page","link":"https:\/\/upack.mcdp.ro\/index.php\/despre-noi\/","title":{"rendered":"Despre noi"},"content":{"rendered":"\t\t<div data-elementor-type=\"wp-page\" data-elementor-id=\"353\" class=\"elementor elementor-353\">\n\t\t\t\t\t\t\t\t\t<section class=\"elementor-section elementor-top-section elementor-element elementor-element-c405f1c elementor-section-full_width elementor-section-height-default elementor-section-height-default qodef-elementor-content-no\" data-id=\"c405f1c\" data-element_type=\"section\" data-settings=\"{&quot;background_background&quot;:&quot;classic&quot;}\">\n\t\t\t\t\t\t<div class=\"elementor-container elementor-column-gap-default\">\n\t\t\t\t\t<div class=\"elementor-column elementor-col-50 elementor-top-column elementor-element elementor-element-0535da7\" data-id=\"0535da7\" data-element_type=\"column\" data-settings=\"{&quot;background_background&quot;:&quot;classic&quot;}\">\n\t\t\t<div class=\"elementor-widget-wrap elementor-element-populated\">\n\t\t\t\t\t\t\t\t<section class=\"elementor-section elementor-inner-section elementor-element elementor-element-7a18397 elementor-section-boxed elementor-section-height-default elementor-section-height-default qodef-elementor-content-no\" data-id=\"7a18397\" data-element_type=\"section\">\n\t\t\t\t\t\t<div class=\"elementor-container elementor-column-gap-default\">\n\t\t\t\t\t<div class=\"elementor-column elementor-col-100 elementor-inner-column elementor-element elementor-element-81c3bad\" data-id=\"81c3bad\" data-element_type=\"column\">\n\t\t\t<div class=\"elementor-widget-wrap elementor-element-populated\">\n\t\t\t\t\t\t\t\t<div class=\"elementor-element elementor-element-6e67153 elementor-widget__width-initial elementor-widget elementor-widget-qi_addons_for_elementor_section_title\" data-id=\"6e67153\" data-element_type=\"widget\" data-widget_type=\"qi_addons_for_elementor_section_title.default\">\n\t\t\t\t<div class=\"elementor-widget-container\">\n\t\t\t<div class=\"qodef-shortcode qodef-m  qodef-qi-section-title  qodef-decoration--italic  qodef-link--underline-draw qodef-subtitle-icon--left\">\n\t\t\t\t<h6 class=\"qodef-m-subtitle\">\n\t\tUpack\t\t\t<\/h6>\n\t\t\t<h1 class=\"qodef-m-title\">\n\t\tServicii rapide\t<\/h1>\n\t\t\t<div class=\"qodef-m-text\"><p>Coletul a\u0219teptat ajunge \u00eentr-un mod rapid \u0219i \u00een suguran\u021b\u0103!<\/p><\/div>\n\t<\/div>\n\t\t<\/div>\n\t\t\t\t<\/div>\n\t\t\t\t\t<\/div>\n\t\t<\/div>\n\t\t\t\t\t\t\t<\/div>\n\t\t<\/section>\n\t\t\t\t\t<\/div>\n\t\t<\/div>\n\t\t\t\t<div class=\"elementor-column elementor-col-50 elementor-top-column elementor-element elementor-element-c2a03b5 elementor-hidden-phone\" data-id=\"c2a03b5\" data-element_type=\"column\">\n\t\t\t<div class=\"elementor-widget-wrap elementor-element-populated\">\n\t\t\t\t\t\t\t\t<div class=\"elementor-element elementor-element-fc4c46d elementor-widget elementor-widget-image\" data-id=\"fc4c46d\" data-element_type=\"widget\" data-widget_type=\"image.default\">\n\t\t\t\t<div class=\"elementor-widget-container\">\n\t\t\t<style>\/*! elementor - v3.13.3 - 28-05-2023 *\/\n.elementor-widget-image{text-align:center}.elementor-widget-image a{display:inline-block}.elementor-widget-image a img[src$=\".svg\"]{width:48px}.elementor-widget-image img{vertical-align:middle;display:inline-block}<\/style>\t\t\t\t\t\t\t\t\t\t\t\t<img loading=\"lazy\" decoding=\"async\" width=\"1100\" height=\"575\" src=\"https:\/\/upack.mcdp.ro\/wp-content\/uploads\/2023\/03\/21.png\" class=\"attachment-full size-full wp-image-1647\" alt=\"\" srcset=\"https:\/\/upack.mcdp.ro\/wp-content\/uploads\/2023\/03\/21.png 1100w, https:\/\/upack.mcdp.ro\/wp-content\/uploads\/2023\/03\/21-300x157.png 300w, https:\/\/upack.mcdp.ro\/wp-content\/uploads\/2023\/03\/21-1024x535.png 1024w, https:\/\/upack.mcdp.ro\/wp-content\/uploads\/2023\/03\/21-768x401.png 768w\" sizes=\"auto, (max-width: 1100px) 100vw, 1100px\" \/>\t\t\t\t\t\t\t\t\t\t\t\t\t\t\t<\/div>\n\t\t\t\t<\/div>\n\t\t\t\t\t<\/div>\n\t\t<\/div>\n\t\t\t\t\t\t\t<\/div>\n\t\t<\/section>\n\t\t\t\t<section class=\"elementor-section elementor-top-section elementor-element elementor-element-821cbc6 qodef-elementor-content-grid elementor-section-boxed elementor-section-height-default elementor-section-height-default\" data-id=\"821cbc6\" data-element_type=\"section\">\n\t\t\t\t\t\t<div class=\"elementor-container elementor-column-gap-default\">\n\t\t\t\t\t<div class=\"elementor-column elementor-col-50 elementor-top-column elementor-element elementor-element-7e66ee4\" data-id=\"7e66ee4\" data-element_type=\"column\">\n\t\t\t<div class=\"elementor-widget-wrap elementor-element-populated\">\n\t\t\t\t\t\t\t\t<div class=\"elementor-element elementor-element-4d65b8f elementor-widget elementor-widget-image\" data-id=\"4d65b8f\" data-element_type=\"widget\" data-widget_type=\"image.default\">\n\t\t\t\t<div class=\"elementor-widget-container\">\n\t\t\t\t\t\t\t\t\t\t\t\t\t\t\t<img loading=\"lazy\" decoding=\"async\" width=\"1100\" height=\"705\" src=\"https:\/\/upack.mcdp.ro\/wp-content\/uploads\/2023\/03\/22.jpg\" class=\"attachment-full size-full wp-image-1648\" alt=\"\" srcset=\"https:\/\/upack.mcdp.ro\/wp-content\/uploads\/2023\/03\/22.jpg 1100w, https:\/\/upack.mcdp.ro\/wp-content\/uploads\/2023\/03\/22-300x192.jpg 300w, https:\/\/upack.mcdp.ro\/wp-content\/uploads\/2023\/03\/22-1024x656.jpg 1024w, https:\/\/upack.mcdp.ro\/wp-content\/uploads\/2023\/03\/22-768x492.jpg 768w\" sizes=\"auto, (max-width: 1100px) 100vw, 1100px\" \/>\t\t\t\t\t\t\t\t\t\t\t\t\t\t\t<\/div>\n\t\t\t\t<\/div>\n\t\t\t\t\t<\/div>\n\t\t<\/div>\n\t\t\t\t<div class=\"elementor-column elementor-col-50 elementor-top-column elementor-element elementor-element-4943856\" data-id=\"4943856\" data-element_type=\"column\">\n\t\t\t<div class=\"elementor-widget-wrap elementor-element-populated\">\n\t\t\t\t\t\t\t\t<div class=\"elementor-element elementor-element-3cee5e1 elementor-widget elementor-widget-qi_addons_for_elementor_section_title\" data-id=\"3cee5e1\" data-element_type=\"widget\" data-widget_type=\"qi_addons_for_elementor_section_title.default\">\n\t\t\t\t<div class=\"elementor-widget-container\">\n\t\t\t<div class=\"qodef-shortcode qodef-m  qodef-qi-section-title  qodef-decoration--italic  qodef-link--underline-draw qodef-subtitle-icon--left\">\n\t\t\t\t<h6 class=\"qodef-m-subtitle\">\n\t\tUPACK\t\t\t<\/h6>\n\t\t\t<h2 class=\"qodef-m-title\">\n\t\tUrm\u0103re\u0219te coletul<br \/>\t<\/h2>\n\t\t\t<div class=\"qodef-m-text\"><p><span style=\"font-weight: 400\">Din momentul colect\u0103rii \u0219i p\u00e2n\u0103 \u00een momentul livr\u0103rii coletului t\u0103u, ai posibilitatea s\u0103 urm\u0103re\u0219ti tot traseul parcurs de acesta. Vei \u0219ti mereu unde este pachetul t\u0103u \u0219i la ce ora va ajunge la tine acas\u0103.<\/span><\/p><\/div>\n\t\t<div class=\"qodef-m-button qodef-qi-clear\">\n\t\t<a class=\"qodef-shortcode qodef-m  qodef-qi-button qodef-html--link qodef-layout--filled qodef-type--icon-boxed   qodef-icon--right qodef-hover--icon-move-vertical     \" href=\"https:\/\/upack.mcdp.ro\/livrare\/urmareste_awb.php\" target=\"_self\">\t<span class=\"qodef-m-text\">Descoper\u0103<\/span>\t\t\t<span class=\"qodef-m-border\"><\/span>\t\t\t<span class=\"qodef-m-icon \">\t\t<span class=\"qodef-m-icon-inner\">\t\t\t<svg xmlns=\"http:\/\/www.w3.org\/2000\/svg\" viewbox=\"0 0 9 9\" style=\"stroke: transparent;\"><path d=\"M.5,1.15A.59.59,0,0,1,.52,1,.23.23,0,0,1,.62.89.19.19,0,0,1,.73.8a.4.4,0,0,1,.15,0H4.63a.36.36,0,0,1,.26.11A.33.33,0,0,1,5,1.15a.33.33,0,0,1-.11.27.35.35,0,0,1-.26.1H1.79l7.59,7.6a.31.31,0,0,1,.12.26.3.3,0,0,1-.12.25.3.3,0,0,1-.51,0L1.25,2.06V4.89a.33.33,0,0,1-.11.27.35.35,0,0,1-.26.1.36.36,0,0,1-.27-.1A.37.37,0,0,1,.5,4.89Z\" transform=\"translate(-0.5 -0.77)\"><\/path><\/svg>\t\t\t\t\t\t\t<svg xmlns=\"http:\/\/www.w3.org\/2000\/svg\" viewbox=\"0 0 9 9\" style=\"stroke: transparent;\"><path d=\"M.5,1.15A.59.59,0,0,1,.52,1,.23.23,0,0,1,.62.89.19.19,0,0,1,.73.8a.4.4,0,0,1,.15,0H4.63a.36.36,0,0,1,.26.11A.33.33,0,0,1,5,1.15a.33.33,0,0,1-.11.27.35.35,0,0,1-.26.1H1.79l7.59,7.6a.31.31,0,0,1,.12.26.3.3,0,0,1-.12.25.3.3,0,0,1-.51,0L1.25,2.06V4.89a.33.33,0,0,1-.11.27.35.35,0,0,1-.26.1.36.36,0,0,1-.27-.1A.37.37,0,0,1,.5,4.89Z\" transform=\"translate(-0.5 -0.77)\"><\/path><\/svg>\t\t\t\t\t<\/span>\t<\/span><\/a>\t<\/div>\n<\/div>\n\t\t<\/div>\n\t\t\t\t<\/div>\n\t\t\t\t\t<\/div>\n\t\t<\/div>\n\t\t\t\t\t\t\t<\/div>\n\t\t<\/section>\n\t\t\t\t<section class=\"elementor-section elementor-top-section elementor-element elementor-element-25b412c elementor-section-boxed elementor-section-height-default elementor-section-height-default qodef-elementor-content-no\" data-id=\"25b412c\" data-element_type=\"section\">\n\t\t\t\t\t\t<div class=\"elementor-container elementor-column-gap-default\">\n\t\t\t\t\t<div class=\"elementor-column elementor-col-100 elementor-top-column elementor-element elementor-element-7b0f91c\" data-id=\"7b0f91c\" data-element_type=\"column\">\n\t\t\t<div class=\"elementor-widget-wrap elementor-element-populated\">\n\t\t\t\t\t\t\t\t<div class=\"elementor-element elementor-element-2168f59 elementor-widget elementor-widget-qi_addons_for_elementor_section_title\" data-id=\"2168f59\" data-element_type=\"widget\" data-widget_type=\"qi_addons_for_elementor_section_title.default\">\n\t\t\t\t<div class=\"elementor-widget-container\">\n\t\t\t<div class=\"qodef-shortcode qodef-m  qodef-qi-section-title  qodef-decoration--italic  qodef-link--underline-draw qodef-subtitle-icon--left\">\n\t\t\t\t\t\t\t\t<div class=\"qodef-m-text\"><p class=\"uk-text-justify\">ESYSSERVICES S.r.l. companie privat\u0103, t\u00e2n\u0103r\u0103, fondat\u0103 \u00een august 2014, dar cu o experien\u021b\u0103 a membrilor \u0219i colaboratorilor s\u0103i de peste 10 ani \u00een domeniul transporturilor \u0219i a serviciilor.<\/p><p class=\"uk-text-justify\">Obiectul principal de activitate \u00eel constituie :<\/p><\/div>\n\t<\/div>\n\t\t<\/div>\n\t\t\t\t<\/div>\n\t\t\t\t\t<\/div>\n\t\t<\/div>\n\t\t\t\t\t\t\t<\/div>\n\t\t<\/section>\n\t\t\t\t<section class=\"elementor-section elementor-top-section elementor-element elementor-element-2a06fe0 elementor-section-content-middle elementor-section-boxed elementor-section-height-default elementor-section-height-default qodef-elementor-content-no\" data-id=\"2a06fe0\" data-element_type=\"section\" data-settings=\"{&quot;background_background&quot;:&quot;classic&quot;}\">\n\t\t\t\t\t\t<div class=\"elementor-container elementor-column-gap-default\">\n\t\t\t\t\t<div class=\"elementor-column elementor-col-100 elementor-top-column elementor-element elementor-element-319b4d9\" data-id=\"319b4d9\" data-element_type=\"column\">\n\t\t\t<div class=\"elementor-widget-wrap elementor-element-populated\">\n\t\t\t\t\t\t\t\t<div class=\"elementor-element elementor-element-6d8db8e elementor-widget__width-auto elementor-widget elementor-widget-qi_addons_for_elementor_icon_with_text\" data-id=\"6d8db8e\" data-element_type=\"widget\" data-widget_type=\"qi_addons_for_elementor_icon_with_text.default\">\n\t\t\t\t<div class=\"elementor-widget-container\">\n\t\t\t<div class=\"qodef-shortcode qodef-m  qodef-qi-icon-with-text qodef-layout--before-content    qodef--custom-icon qodef-column-responsive--never\" >\n\t\t\t<div class=\"qodef-m-icon-wrapper\">\n\t\t\t\t<a itemprop=\"url\" href=\"https:\/\/upack.mcdp.ro\/delivery\/\" target=\"_self\">\n\t<div class=\"qodef-m-icon-holder\">\n\t\t<svg xmlns=\"http:\/\/www.w3.org\/2000\/svg\" viewbox=\"0 0 62 29\" style=\"stroke: transparent;\"><path d=\"M68,0H29.54a1,1,0,0,0-1,1V28a1,1,0,0,0,1,1H68a1,1,0,0,0,1-1V1A1,1,0,0,0,68,0ZM67,26.94H30.54V2.06H67Z\" transform=\"translate(-7)\"><\/path><polygon points=\"57.73 5.83 56.58 4.15 41.77 14.85 26.96 4.15 25.81 5.83 41.77 17.36 57.73 5.83\"><\/polygon><path d=\"M11.89,7.21H13.3a1,1,0,0,0,0-2.06H11.89a1,1,0,0,0,0,2.06Z\" transform=\"translate(-7)\"><\/path><path d=\"M16.87,7.21h8.05a1,1,0,0,0,0-2.06h-8a1,1,0,0,0,0,2.06Z\" transform=\"translate(-7)\"><\/path><path d=\"M24.92,21.79H21a1,1,0,0,0,0,2.06h4a1,1,0,0,0,0-2.06Z\" transform=\"translate(-7)\"><\/path><path d=\"M17.38,21.79H16.22a1,1,0,0,0,0,2.06h1.16a1,1,0,0,0,0-2.06Z\" transform=\"translate(-7)\"><\/path><path d=\"M24.92,13.47H8a1,1,0,0,0,0,2.06H24.92a1,1,0,0,0,0-2.06Z\" transform=\"translate(-7)\"><\/path><\/svg>\t<\/div>\n\t<\/a>\n\t\t<\/div>\n\t\t<div class=\"qodef-m-content\">\n\t\t\t<h4 class=\"qodef-m-title\">\n\t\t\t\t\t<a itemprop=\"url\" href=\"https:\/\/upack.mcdp.ro\/delivery\/\" target=\"_self\">\n\t\t\t\t\t<span class=\"qodef-m-title-text\">TRANSPORTURI RUTIERE DE MARFURI | CURIER EXPRESS<\/span>\n\t\t\t\t\t<\/a>\n\t\t\t<\/h4>\n\t\t\t\t\t\t\t<\/div>\n<\/div>\n\t\t<\/div>\n\t\t\t\t<\/div>\n\t\t\t\t\t<\/div>\n\t\t<\/div>\n\t\t\t\t\t\t\t<\/div>\n\t\t<\/section>\n\t\t\t\t<section class=\"elementor-section elementor-top-section elementor-element elementor-element-7918b8d elementor-section-boxed elementor-section-height-default elementor-section-height-default qodef-elementor-content-no\" data-id=\"7918b8d\" data-element_type=\"section\">\n\t\t\t\t\t\t<div class=\"elementor-container elementor-column-gap-default\">\n\t\t\t\t\t<div class=\"elementor-column elementor-col-100 elementor-top-column elementor-element elementor-element-e911414\" data-id=\"e911414\" data-element_type=\"column\">\n\t\t\t<div class=\"elementor-widget-wrap elementor-element-populated\">\n\t\t\t\t\t\t\t\t<div class=\"elementor-element elementor-element-d96529c elementor-widget elementor-widget-qi_addons_for_elementor_section_title\" data-id=\"d96529c\" data-element_type=\"widget\" data-widget_type=\"qi_addons_for_elementor_section_title.default\">\n\t\t\t\t<div class=\"elementor-widget-container\">\n\t\t\t<div class=\"qodef-shortcode qodef-m  qodef-qi-section-title  qodef-decoration--italic  qodef-link--underline-draw qodef-subtitle-icon--left\">\n\t\t\t\t\t\t\t\t<div class=\"qodef-m-text\"><p class=\"uk-text-justify\">Activitatea companiei se adreseaz\u0103 \u00een special transportului rutier de m\u0103rfuri din categoria transportului rutier cu autoutilitare cu masa total\u0103 admis\u0103 de p\u00e2n\u0103 la 3,5 t. Compania \u00ee\u0219i axeaz\u0103 activitatea, pe oferirea \u00een mod profesional al celor mai bune servicii din domeniu \u0219i \u00ee\u0219i perfec\u021bioneaz\u0103 serviciile \u00een mod continu prin experien\u021ba dobandit\u0103 zi de zi pe plan na\u021bional \u0219i interna\u021bional.<\/p><p class=\"uk-text-justify\">Obiectivul nostru este s\u0103 furniz\u0103m servicii profesionale de transport la cele mai \u00eenalte standarde de calitate \u0219i confort, s\u0103 \u00eentelegem \u0219i s\u0103 fim mereu \u00een pas cu exigen\u021ba clien\u021bilor no\u0219tri \u0219i cu normele legislative \u00een vigoare. De asemenea, vom contribui la dezvoltarea companiilor partenere prin cre\u0219terea eficien\u021bei afacerii acestora.<\/p><p class=\"uk-text-justify\">Planific\u0103m \u0219i Execut\u0103m serviciile noatre astfel \u00eencat s\u0103 satisfacem cerin\u021bele dumneavoastr\u0103 cu profesionalism \u0219i promptitudine.<\/p><p class=\"uk-text-justify\">Preg\u0103tirea \u0219i Experien\u021ba Profesional\u0103 de peste 10 ani \u00een domeniul transporturilor \u0219i a serviciilor ne vor ajuta s\u0103 reu\u0219im s\u0103 furniz\u0103m servicii profesionale de transport la cele mai \u00eenalte standarde de calitate \u0219i confort, respect\u00e2nd exigen\u021bele clien\u021bilor no\u0219tri.<\/p><p class=\"uk-text-justify\">Profesionalismul, Promptitudinea, Integritatea, ne vor ajuta s\u0103 ne perfec\u021bion\u0103m \u00een furnizarea de servicii de transport la cele mai \u00eenalte standarde de calitate, personalizate \u00een func\u021bie de exigentele fiec\u0103rui client \u00een parte.<\/p><p class=\"uk-text-justify\">Responsabilitatea fa\u021b\u0103 de clien\u021bii no\u0219rtii, Confiden\u021bialitatea acestora, complecteaz\u0103 profilul companiei noastre, care apreciaz\u0103 toate aceste valori \u0219i le dedic\u0103 acelora care sunt \u00een fiecare zi al\u0103turi de noi : clien\u021bilor, colaboratorilor, furnizorilor.<\/p><p class=\"uk-text-justify\">Pasiunea\u2026ne va ajuta s\u0103 ne cl\u0103dim un renume pe pia\u021b\u0103.<\/p><\/div>\n\t<\/div>\n\t\t<\/div>\n\t\t\t\t<\/div>\n\t\t\t\t\t<\/div>\n\t\t<\/div>\n\t\t\t\t\t\t\t<\/div>\n\t\t<\/section>\n\t\t\t\t\t\t\t<\/div>\n\t\t","protected":false},"excerpt":{"rendered":"<p>Upack Servicii rapide Coletul a\u0219teptat ajunge \u00eentr-un mod rapid \u0219i \u00een suguran\u021b\u0103! UPACK Urm\u0103re\u0219te coletul Din momentul colect\u0103rii \u0219i p\u00e2n\u0103 \u00een momentul livr\u0103rii coletului t\u0103u, ai posibilitatea s\u0103 urm\u0103re\u0219ti tot traseul parcurs de acesta. Vei \u0219ti mereu unde este pachetul t\u0103u \u0219i la ce ora va ajunge la tine acas\u0103. Descoper\u0103 ESYSSERVICES S.r.l. companie privat\u0103, [&hellip;]<\/p>\n","protected":false},"author":1,"featured_media":0,"parent":0,"menu_order":0,"comment_status":"closed","ping_status":"closed","template":"qi-full-width.php","meta":{"content-type":"","footnotes":""},"class_list":["post-353","page","type-page","status-publish","hentry"],"_links":{"self":[{"href":"https:\/\/upack.mcdp.ro\/index.php\/wp-json\/wp\/v2\/pages\/353","targetHints":{"allow":["GET"]}}],"collection":[{"href":"https:\/\/upack.mcdp.ro\/index.php\/wp-json\/wp\/v2\/pages"}],"about":[{"href":"https:\/\/upack.mcdp.ro\/index.php\/wp-json\/wp\/v2\/types\/page"}],"author":[{"embeddable":true,"href":"https:\/\/upack.mcdp.ro\/index.php\/wp-json\/wp\/v2\/users\/1"}],"replies":[{"embeddable":true,"href":"https:\/\/upack.mcdp.ro\/index.php\/wp-json\/wp\/v2\/comments?post=353"}],"version-history":[{"count":49,"href":"https:\/\/upack.mcdp.ro\/index.php\/wp-json\/wp\/v2\/pages\/353\/revisions"}],"predecessor-version":[{"id":1960,"href":"https:\/\/upack.mcdp.ro\/index.php\/wp-json\/wp\/v2\/pages\/353\/revisions\/1960"}],"wp:attachment":[{"href":"https:\/\/upack.mcdp.ro\/index.php\/wp-json\/wp\/v2\/media?parent=353"}],"curies":[{"name":"wp","href":"https:\/\/api.w.org\/{rel}","templated":true}]}}