{"id":1723,"date":"2023-03-30T08:30:57","date_gmt":"2023-03-30T08:30:57","guid":{"rendered":"https:\/\/upack.mcdp.ro\/?page_id=1723"},"modified":"2023-06-14T07:17:30","modified_gmt":"2023-06-14T07:17:30","slug":"aplicatie-2","status":"publish","type":"page","link":"https:\/\/upack.mcdp.ro\/index.php\/aplicatie-2\/","title":{"rendered":"Aplica\u021bie"},"content":{"rendered":"\t\t<div data-elementor-type=\"wp-page\" data-elementor-id=\"1723\" class=\"elementor elementor-1723\">\n\t\t\t\t\t\t\t\t\t<section class=\"elementor-section elementor-top-section elementor-element elementor-element-7474c2a elementor-section-full_width elementor-section-height-default elementor-section-height-default qodef-elementor-content-no\" data-id=\"7474c2a\" data-element_type=\"section\">\n\t\t\t\t\t\t<div class=\"elementor-container elementor-column-gap-default\">\n\t\t\t\t\t<div class=\"elementor-column elementor-col-100 elementor-top-column elementor-element elementor-element-1605e10\" data-id=\"1605e10\" data-element_type=\"column\" data-settings=\"{&quot;background_background&quot;:&quot;classic&quot;}\">\n\t\t\t<div class=\"elementor-widget-wrap elementor-element-populated\">\n\t\t\t\t\t\t\t\t<div class=\"elementor-element elementor-element-76d80a5 elementor-widget elementor-widget-heading\" data-id=\"76d80a5\" data-element_type=\"widget\" data-widget_type=\"heading.default\">\n\t\t\t\t<div class=\"elementor-widget-container\">\n\t\t\t<style>\/*! elementor - v3.13.3 - 28-05-2023 *\/\n.elementor-heading-title{padding:0;margin:0;line-height:1}.elementor-widget-heading .elementor-heading-title[class*=elementor-size-]>a{color:inherit;font-size:inherit;line-height:inherit}.elementor-widget-heading .elementor-heading-title.elementor-size-small{font-size:15px}.elementor-widget-heading .elementor-heading-title.elementor-size-medium{font-size:19px}.elementor-widget-heading .elementor-heading-title.elementor-size-large{font-size:29px}.elementor-widget-heading .elementor-heading-title.elementor-size-xl{font-size:39px}.elementor-widget-heading .elementor-heading-title.elementor-size-xxl{font-size:59px}<\/style><h2 class=\"elementor-heading-title elementor-size-default\">Aplica\u021bia noastr\u0103<\/h2>\t\t<\/div>\n\t\t\t\t<\/div>\n\t\t\t\t\t<\/div>\n\t\t<\/div>\n\t\t\t\t\t\t\t<\/div>\n\t\t<\/section>\n\t\t\t\t<section class=\"elementor-section elementor-top-section elementor-element elementor-element-0b45747 elementor-section-boxed elementor-section-height-default elementor-section-height-default qodef-elementor-content-no\" data-id=\"0b45747\" data-element_type=\"section\">\n\t\t\t\t\t\t<div class=\"elementor-container elementor-column-gap-default\">\n\t\t\t\t\t<div class=\"elementor-column elementor-col-100 elementor-top-column elementor-element elementor-element-0427ab1\" data-id=\"0427ab1\" data-element_type=\"column\">\n\t\t\t<div class=\"elementor-widget-wrap elementor-element-populated\">\n\t\t\t\t\t\t\t\t<div class=\"elementor-element elementor-element-270754e elementor-widget elementor-widget-qi_addons_for_elementor_section_title\" data-id=\"270754e\" data-element_type=\"widget\" data-widget_type=\"qi_addons_for_elementor_section_title.default\">\n\t\t\t\t<div class=\"elementor-widget-container\">\n\t\t\t<div class=\"qodef-shortcode qodef-m  qodef-qi-section-title  qodef-decoration--italic  qodef-link--underline-draw qodef-subtitle-icon--left\">\n\t\t\t\t\t\t\t\t<div class=\"qodef-m-text\"><h5>V\u0103 invit\u0103m s\u0103 desc\u0103rca\u021bi \u0219i s\u0103 testa\u021bi gratuit aplica\u021bia \"UPACK\".<br \/>\"UPACK\" este aplica\u021bia noastr\u0103 pentru serviciile de curierat express disponibil\u0103 gratuit \u00een GOOGLE Play pentru dispozitivele cu sistem ANDROID.<br \/>\u00cen cur\u00e2nd va fi disponibil\u0103 \u0219i \u00een APPLE Store pentru dispozitivele cu sistem iOS.<\/h5><h5>Dupa desc\u0103rcarea gratuit\u0103 a aplica\u021biei \"UPAK\" din Google Play pentru sistemele ANDROID efectua\u021bi urm\u0103torii pa\u0219i pentru lansarea \u00een deplin\u0103 comoditate \u0219i siguran\u021b\u00ee a comenzilor Dvs :<br \/>- dup\u0103 introducerea dimensiunilor m\u0103rfurilor sau a coletelor de expediat precum \u0219i greutatea acestora ve\u021bi alfa imediat costul serviciului de curierat;<br \/>- indica\u021bi adresa de unde dori\u021bi s\u0103 expedia\u021bi, precum \u0219i adresa la care dori\u021bi s\u0103 fie efectuat\u0103 livrarea astfel un operator se va deplasa la adresa indicat\u0103 \u00een comanda Dvs. pentru a efectua opera\u021biunile de preluare a coletelor;<br \/>- urm\u0103ri\u021bi statusul procesului de preluare, expediere \u0219i livrare;<br \/>- ve\u021bi avea confirmarea livr\u0103rii coletelor Dvs. \u00een momentul \u00een care acestea vor fi primite de c\u0103tre destinatar, la adresa de destina\u021bie indicat\u0103 \u00een comand\u0103;<br \/>- alege\u021bi una din op\u021biunile pentru efectuarea pl\u0103\u021bii (ex. la expediere, la livrare, cash sau cu cardul la POS-ul aflat \u00een dotarea autoutilitarei);<br \/>- solicita\u021bi bonul de cas\u0103 dup\u0103 efectuarea pl\u0103\u021bilor.<\/h5><\/div>\n\t<\/div>\n\t\t<\/div>\n\t\t\t\t<\/div>\n\t\t\t\t\t<\/div>\n\t\t<\/div>\n\t\t\t\t\t\t\t<\/div>\n\t\t<\/section>\n\t\t\t\t<section class=\"elementor-section elementor-top-section elementor-element elementor-element-7f11da3 elementor-section-boxed elementor-section-height-default elementor-section-height-default qodef-elementor-content-no\" data-id=\"7f11da3\" data-element_type=\"section\">\n\t\t\t\t\t\t<div class=\"elementor-container elementor-column-gap-default\">\n\t\t\t\t\t<div class=\"elementor-column elementor-col-100 elementor-top-column elementor-element elementor-element-93f8d7b\" data-id=\"93f8d7b\" data-element_type=\"column\">\n\t\t\t<div class=\"elementor-widget-wrap elementor-element-populated\">\n\t\t\t\t\t\t\t\t<div class=\"elementor-element elementor-element-c949780 elementor-widget elementor-widget-spacer\" data-id=\"c949780\" data-element_type=\"widget\" data-widget_type=\"spacer.default\">\n\t\t\t\t<div class=\"elementor-widget-container\">\n\t\t\t<style>\/*! elementor - v3.13.3 - 28-05-2023 *\/\n.elementor-column .elementor-spacer-inner{height:var(--spacer-size)}.e-con{--container-widget-width:100%}.e-con-inner>.elementor-widget-spacer,.e-con>.elementor-widget-spacer{width:var(--container-widget-width,var(--spacer-size));--align-self:var(--container-widget-align-self,initial);--flex-shrink:0}.e-con-inner>.elementor-widget-spacer>.elementor-widget-container,.e-con-inner>.elementor-widget-spacer>.elementor-widget-container>.elementor-spacer,.e-con>.elementor-widget-spacer>.elementor-widget-container,.e-con>.elementor-widget-spacer>.elementor-widget-container>.elementor-spacer{height:100%}.e-con-inner>.elementor-widget-spacer>.elementor-widget-container>.elementor-spacer>.elementor-spacer-inner,.e-con>.elementor-widget-spacer>.elementor-widget-container>.elementor-spacer>.elementor-spacer-inner{height:var(--container-widget-height,var(--spacer-size))}<\/style>\t\t<div class=\"elementor-spacer\">\n\t\t\t<div class=\"elementor-spacer-inner\"><\/div>\n\t\t<\/div>\n\t\t\t\t<\/div>\n\t\t\t\t<\/div>\n\t\t\t\t\t<\/div>\n\t\t<\/div>\n\t\t\t\t\t\t\t<\/div>\n\t\t<\/section>\n\t\t\t\t<section class=\"elementor-section elementor-top-section elementor-element elementor-element-e458e24 elementor-section-boxed elementor-section-height-default elementor-section-height-default qodef-elementor-content-no\" data-id=\"e458e24\" data-element_type=\"section\">\n\t\t\t\t\t\t<div class=\"elementor-container elementor-column-gap-default\">\n\t\t\t\t\t<div class=\"elementor-column elementor-col-100 elementor-top-column elementor-element elementor-element-de76436\" data-id=\"de76436\" data-element_type=\"column\">\n\t\t\t<div class=\"elementor-widget-wrap elementor-element-populated\">\n\t\t\t\t\t\t\t\t<div class=\"elementor-element elementor-element-da310ad elementor-widget elementor-widget-qi_addons_for_elementor_image_slider\" data-id=\"da310ad\" data-element_type=\"widget\" data-widget_type=\"qi_addons_for_elementor_image_slider.default\">\n\t\t\t\t<div class=\"elementor-widget-container\">\n\t\t\t<div class=\"qodef-shortcode qodef-m  qodef-qi-image-slider    qodef--centered-zoom qodef-col-num--3 qodef-qi-grid qodef-qi-swiper-container  qodef-navigation--outside  qodef-pagination--inside    qodef-navigation--hover-move\" data-options=\"{&quot;direction&quot;:&quot;horizontal&quot;,&quot;slidesPerView&quot;:&quot;3&quot;,&quot;spaceBetween&quot;:30,&quot;spaceBetweenTablet&quot;:30,&quot;spaceBetweenMobile&quot;:30,&quot;effect&quot;:&quot;&quot;,&quot;loop&quot;:true,&quot;autoplay&quot;:true,&quot;centeredSlides&quot;:true,&quot;speed&quot;:&quot;&quot;,&quot;speedAnimation&quot;:&quot;&quot;,&quot;outsideNavigation&quot;:&quot;yes&quot;,&quot;outsidePagination&quot;:&quot;no&quot;,&quot;unique&quot;:189,&quot;partialValue&quot;:0,&quot;disablePartialValue&quot;:&quot;&quot;}\">\n\t<div class=\"swiper-wrapper\">\n\t\t\n<div class=\"qodef-e swiper-slide\">\n\t<div class=\"qodef-e-inner\">\n\t\t<div class=\"qodef-e-inner-holder\">\n\t\t\t\t\t\t\t<img loading=\"lazy\" decoding=\"async\" width=\"1035\" height=\"2048\" src=\"https:\/\/upack.mcdp.ro\/wp-content\/uploads\/2023\/04\/app_1.jpg\" class=\"attachment-full size-full\" alt=\"\" srcset=\"https:\/\/upack.mcdp.ro\/wp-content\/uploads\/2023\/04\/app_1.jpg 1035w, https:\/\/upack.mcdp.ro\/wp-content\/uploads\/2023\/04\/app_1-152x300.jpg 152w, https:\/\/upack.mcdp.ro\/wp-content\/uploads\/2023\/04\/app_1-518x1024.jpg 518w, https:\/\/upack.mcdp.ro\/wp-content\/uploads\/2023\/04\/app_1-768x1520.jpg 768w, https:\/\/upack.mcdp.ro\/wp-content\/uploads\/2023\/04\/app_1-776x1536.jpg 776w\" sizes=\"auto, (max-width: 1035px) 100vw, 1035px\" \/>\t\t\t\t\t<\/div>\n\t<\/div>\n\t<\/div>\n\n<div class=\"qodef-e swiper-slide\">\n\t<div class=\"qodef-e-inner\">\n\t\t<div class=\"qodef-e-inner-holder\">\n\t\t\t\t\t\t\t<img loading=\"lazy\" decoding=\"async\" width=\"1035\" height=\"2048\" src=\"https:\/\/upack.mcdp.ro\/wp-content\/uploads\/2023\/04\/app_2.jpg\" class=\"attachment-full size-full\" alt=\"\" srcset=\"https:\/\/upack.mcdp.ro\/wp-content\/uploads\/2023\/04\/app_2.jpg 1035w, https:\/\/upack.mcdp.ro\/wp-content\/uploads\/2023\/04\/app_2-152x300.jpg 152w, https:\/\/upack.mcdp.ro\/wp-content\/uploads\/2023\/04\/app_2-518x1024.jpg 518w, https:\/\/upack.mcdp.ro\/wp-content\/uploads\/2023\/04\/app_2-768x1520.jpg 768w, https:\/\/upack.mcdp.ro\/wp-content\/uploads\/2023\/04\/app_2-776x1536.jpg 776w\" sizes=\"auto, (max-width: 1035px) 100vw, 1035px\" \/>\t\t\t\t\t<\/div>\n\t<\/div>\n\t<\/div>\n\n<div class=\"qodef-e swiper-slide\">\n\t<div class=\"qodef-e-inner\">\n\t\t<div class=\"qodef-e-inner-holder\">\n\t\t\t\t\t\t\t<img loading=\"lazy\" decoding=\"async\" width=\"1035\" height=\"2048\" src=\"https:\/\/upack.mcdp.ro\/wp-content\/uploads\/2023\/04\/app_3.jpg\" class=\"attachment-full size-full\" alt=\"\" srcset=\"https:\/\/upack.mcdp.ro\/wp-content\/uploads\/2023\/04\/app_3.jpg 1035w, https:\/\/upack.mcdp.ro\/wp-content\/uploads\/2023\/04\/app_3-152x300.jpg 152w, https:\/\/upack.mcdp.ro\/wp-content\/uploads\/2023\/04\/app_3-518x1024.jpg 518w, https:\/\/upack.mcdp.ro\/wp-content\/uploads\/2023\/04\/app_3-768x1520.jpg 768w, https:\/\/upack.mcdp.ro\/wp-content\/uploads\/2023\/04\/app_3-776x1536.jpg 776w\" sizes=\"auto, (max-width: 1035px) 100vw, 1035px\" \/>\t\t\t\t\t<\/div>\n\t<\/div>\n\t<\/div>\n\n<div class=\"qodef-e swiper-slide\">\n\t<div class=\"qodef-e-inner\">\n\t\t<div class=\"qodef-e-inner-holder\">\n\t\t\t\t\t\t\t<img loading=\"lazy\" decoding=\"async\" width=\"1035\" height=\"2048\" src=\"https:\/\/upack.mcdp.ro\/wp-content\/uploads\/2023\/04\/app_4.jpg\" class=\"attachment-full size-full\" alt=\"\" srcset=\"https:\/\/upack.mcdp.ro\/wp-content\/uploads\/2023\/04\/app_4.jpg 1035w, https:\/\/upack.mcdp.ro\/wp-content\/uploads\/2023\/04\/app_4-152x300.jpg 152w, https:\/\/upack.mcdp.ro\/wp-content\/uploads\/2023\/04\/app_4-518x1024.jpg 518w, https:\/\/upack.mcdp.ro\/wp-content\/uploads\/2023\/04\/app_4-768x1520.jpg 768w, https:\/\/upack.mcdp.ro\/wp-content\/uploads\/2023\/04\/app_4-776x1536.jpg 776w\" sizes=\"auto, (max-width: 1035px) 100vw, 1035px\" \/>\t\t\t\t\t<\/div>\n\t<\/div>\n\t<\/div>\n\n<div class=\"qodef-e swiper-slide\">\n\t<div class=\"qodef-e-inner\">\n\t\t<div class=\"qodef-e-inner-holder\">\n\t\t\t\t\t\t\t<img loading=\"lazy\" decoding=\"async\" width=\"1035\" height=\"2048\" src=\"https:\/\/upack.mcdp.ro\/wp-content\/uploads\/2023\/04\/app_5.jpg\" class=\"attachment-full size-full\" alt=\"\" srcset=\"https:\/\/upack.mcdp.ro\/wp-content\/uploads\/2023\/04\/app_5.jpg 1035w, https:\/\/upack.mcdp.ro\/wp-content\/uploads\/2023\/04\/app_5-152x300.jpg 152w, https:\/\/upack.mcdp.ro\/wp-content\/uploads\/2023\/04\/app_5-518x1024.jpg 518w, https:\/\/upack.mcdp.ro\/wp-content\/uploads\/2023\/04\/app_5-768x1520.jpg 768w, https:\/\/upack.mcdp.ro\/wp-content\/uploads\/2023\/04\/app_5-776x1536.jpg 776w\" sizes=\"auto, (max-width: 1035px) 100vw, 1035px\" \/>\t\t\t\t\t<\/div>\n\t<\/div>\n\t<\/div>\n\n<div class=\"qodef-e swiper-slide\">\n\t<div class=\"qodef-e-inner\">\n\t\t<div class=\"qodef-e-inner-holder\">\n\t\t\t\t\t\t\t<img loading=\"lazy\" decoding=\"async\" width=\"1035\" height=\"2048\" src=\"https:\/\/upack.mcdp.ro\/wp-content\/uploads\/2023\/04\/app_6.jpg\" class=\"attachment-full size-full\" alt=\"\" srcset=\"https:\/\/upack.mcdp.ro\/wp-content\/uploads\/2023\/04\/app_6.jpg 1035w, https:\/\/upack.mcdp.ro\/wp-content\/uploads\/2023\/04\/app_6-152x300.jpg 152w, https:\/\/upack.mcdp.ro\/wp-content\/uploads\/2023\/04\/app_6-518x1024.jpg 518w, https:\/\/upack.mcdp.ro\/wp-content\/uploads\/2023\/04\/app_6-768x1520.jpg 768w, https:\/\/upack.mcdp.ro\/wp-content\/uploads\/2023\/04\/app_6-776x1536.jpg 776w\" sizes=\"auto, (max-width: 1035px) 100vw, 1035px\" \/>\t\t\t\t\t<\/div>\n\t<\/div>\n\t<\/div>\n\t<\/div>\n\t\t<div class=\"swiper-pagination\"><\/div>\n<\/div>\n\t\t<div class=\"swiper-button-prev swiper-button-outside swiper-button-prev-189\"><i aria-hidden=\"true\" class=\"far fa-arrow-alt-circle-left\"><\/i><\/div>\n\t<div class=\"swiper-button-next swiper-button-outside swiper-button-next-189\"><i aria-hidden=\"true\" class=\"far fa-arrow-alt-circle-right\"><\/i><\/div>\n\t\t\t<\/div>\n\t\t\t\t<\/div>\n\t\t\t\t\t<\/div>\n\t\t<\/div>\n\t\t\t\t\t\t\t<\/div>\n\t\t<\/section>\n\t\t\t\t<section class=\"elementor-section elementor-top-section elementor-element elementor-element-0e30c56 elementor-section-boxed elementor-section-height-default elementor-section-height-default qodef-elementor-content-no\" data-id=\"0e30c56\" data-element_type=\"section\">\n\t\t\t\t\t\t<div class=\"elementor-container elementor-column-gap-default\">\n\t\t\t\t\t<div class=\"elementor-column elementor-col-100 elementor-top-column elementor-element elementor-element-5cfbb97\" data-id=\"5cfbb97\" data-element_type=\"column\">\n\t\t\t<div class=\"elementor-widget-wrap elementor-element-populated\">\n\t\t\t\t\t\t\t\t<div class=\"elementor-element elementor-element-524182c elementor-widget elementor-widget-spacer\" data-id=\"524182c\" data-element_type=\"widget\" data-widget_type=\"spacer.default\">\n\t\t\t\t<div class=\"elementor-widget-container\">\n\t\t\t\t\t<div class=\"elementor-spacer\">\n\t\t\t<div class=\"elementor-spacer-inner\"><\/div>\n\t\t<\/div>\n\t\t\t\t<\/div>\n\t\t\t\t<\/div>\n\t\t\t\t\t<\/div>\n\t\t<\/div>\n\t\t\t\t\t\t\t<\/div>\n\t\t<\/section>\n\t\t\t\t<section class=\"elementor-section elementor-top-section elementor-element elementor-element-9b6bba8 elementor-section-content-middle elementor-section-boxed elementor-section-height-default elementor-section-height-default qodef-elementor-content-no\" data-id=\"9b6bba8\" data-element_type=\"section\">\n\t\t\t\t\t\t<div class=\"elementor-container elementor-column-gap-default\">\n\t\t\t\t\t<div class=\"elementor-column elementor-col-100 elementor-top-column elementor-element elementor-element-4e646ef\" data-id=\"4e646ef\" data-element_type=\"column\">\n\t\t\t<div class=\"elementor-widget-wrap elementor-element-populated\">\n\t\t\t\t\t\t\t\t<div class=\"elementor-element elementor-element-07c5138 elementor-align-center elementor-mobile-align-center elementor-widget elementor-widget-button\" data-id=\"07c5138\" data-element_type=\"widget\" data-widget_type=\"button.default\">\n\t\t\t\t<div class=\"elementor-widget-container\">\n\t\t\t\t\t<div class=\"elementor-button-wrapper\">\n\t\t\t<a href=\"https:\/\/play.google.com\/store\/apps\/details?id=ro.upack.upack.upack&#038;gl=RO\" class=\"elementor-button-link elementor-button elementor-size-lg\" role=\"button\">\n\t\t\t\t\t\t<span class=\"elementor-button-content-wrapper\">\n\t\t\t\t\t\t<span class=\"elementor-button-text\">C\u0103tre Aplica\u021bie<\/span>\n\t\t<\/span>\n\t\t\t\t\t<\/a>\n\t\t<\/div>\n\t\t\t\t<\/div>\n\t\t\t\t<\/div>\n\t\t\t\t\t<\/div>\n\t\t<\/div>\n\t\t\t\t\t\t\t<\/div>\n\t\t<\/section>\n\t\t\t\t<section class=\"elementor-section elementor-top-section elementor-element elementor-element-59280bb elementor-section-boxed elementor-section-height-default elementor-section-height-default qodef-elementor-content-no\" data-id=\"59280bb\" data-element_type=\"section\" data-settings=\"{&quot;background_background&quot;:&quot;classic&quot;}\">\n\t\t\t\t\t\t<div class=\"elementor-container elementor-column-gap-default\">\n\t\t\t\t\t<div class=\"elementor-column elementor-col-100 elementor-top-column elementor-element elementor-element-24a9c1e\" data-id=\"24a9c1e\" data-element_type=\"column\" data-settings=\"{&quot;background_background&quot;:&quot;classic&quot;}\">\n\t\t\t<div class=\"elementor-widget-wrap elementor-element-populated\">\n\t\t\t\t\t\t\t\t<div class=\"elementor-element elementor-element-a1a8dbb elementor-widget elementor-widget-qi_addons_for_elementor_call_to_action\" data-id=\"a1a8dbb\" data-element_type=\"widget\" data-widget_type=\"qi_addons_for_elementor_call_to_action.default\">\n\t\t\t\t<div class=\"elementor-widget-container\">\n\t\t\t<div class=\"qodef-shortcode qodef-m  qodef-qi-call-to-action qodef-layout--standard  \">\n\t<div class=\"qodef-m-inner\">\n\t\t<div class=\"qodef-m-content\">\n\t\t<\/div>\n\t\t\t<div class=\"qodef-m-button\">\n\t\t<a class=\"qodef-shortcode qodef-m  qodef-qi-button qodef-html--link qodef-layout--textual qodef-type--standard   qodef-icon--right qodef-hover--icon-move-horizontal-short     \" href=\"https:\/\/play.google.com\/store\/apps\/details?id=ro.upack.upack.upack&#038;gl=RO\" target=\"_self\">\t<span class=\"qodef-m-text\"><\/span>\t<\/a>\t<\/div>\n\t\t\t<\/div>\n<\/div>\n\t\t<\/div>\n\t\t\t\t<\/div>\n\t\t\t\t\t<\/div>\n\t\t<\/div>\n\t\t\t\t\t\t\t<\/div>\n\t\t<\/section>\n\t\t\t\t\t\t\t<\/div>\n\t\t","protected":false},"excerpt":{"rendered":"<p>Aplica\u021bia noastr\u0103 V\u0103 invit\u0103m s\u0103 desc\u0103rca\u021bi \u0219i s\u0103 testa\u021bi gratuit aplica\u021bia &#8220;UPACK&#8221;.&#8220;UPACK&#8221; este aplica\u021bia noastr\u0103 pentru serviciile de curierat express disponibil\u0103 gratuit \u00een GOOGLE Play pentru dispozitivele cu sistem ANDROID.\u00cen cur\u00e2nd va fi disponibil\u0103 \u0219i \u00een APPLE Store pentru dispozitivele cu sistem iOS. Dupa desc\u0103rcarea gratuit\u0103 a aplica\u021biei &#8220;UPAK&#8221; din Google Play pentru sistemele ANDROID [&hellip;]<\/p>\n","protected":false},"author":1,"featured_media":0,"parent":0,"menu_order":0,"comment_status":"closed","ping_status":"closed","template":"","meta":{"content-type":"","footnotes":""},"class_list":["post-1723","page","type-page","status-publish","hentry"],"_links":{"self":[{"href":"https:\/\/upack.mcdp.ro\/index.php\/wp-json\/wp\/v2\/pages\/1723","targetHints":{"allow":["GET"]}}],"collection":[{"href":"https:\/\/upack.mcdp.ro\/index.php\/wp-json\/wp\/v2\/pages"}],"about":[{"href":"https:\/\/upack.mcdp.ro\/index.php\/wp-json\/wp\/v2\/types\/page"}],"author":[{"embeddable":true,"href":"https:\/\/upack.mcdp.ro\/index.php\/wp-json\/wp\/v2\/users\/1"}],"replies":[{"embeddable":true,"href":"https:\/\/upack.mcdp.ro\/index.php\/wp-json\/wp\/v2\/comments?post=1723"}],"version-history":[{"count":82,"href":"https:\/\/upack.mcdp.ro\/index.php\/wp-json\/wp\/v2\/pages\/1723\/revisions"}],"predecessor-version":[{"id":1970,"href":"https:\/\/upack.mcdp.ro\/index.php\/wp-json\/wp\/v2\/pages\/1723\/revisions\/1970"}],"wp:attachment":[{"href":"https:\/\/upack.mcdp.ro\/index.php\/wp-json\/wp\/v2\/media?parent=1723"}],"curies":[{"name":"wp","href":"https:\/\/api.w.org\/{rel}","templated":true}]}}