{"id":1523,"date":"2023-03-16T08:24:41","date_gmt":"2023-03-16T08:24:41","guid":{"rendered":"https:\/\/upack.mcdp.ro\/?page_id=1523"},"modified":"2023-03-16T08:25:55","modified_gmt":"2023-03-16T08:25:55","slug":"politica-de-confidentialitate","status":"publish","type":"page","link":"https:\/\/upack.mcdp.ro\/index.php\/politica-de-confidentialitate\/","title":{"rendered":"Politica de confiden\u021bialitate"},"content":{"rendered":"\t\t<div data-elementor-type=\"wp-page\" data-elementor-id=\"1523\" class=\"elementor elementor-1523\">\n\t\t\t\t\t\t\t\t\t<section class=\"elementor-section elementor-top-section elementor-element elementor-element-7a8b101 elementor-section-boxed elementor-section-height-default elementor-section-height-default qodef-elementor-content-no\" data-id=\"7a8b101\" data-element_type=\"section\">\n\t\t\t\t\t\t<div class=\"elementor-container elementor-column-gap-default\">\n\t\t\t\t\t<div class=\"elementor-column elementor-col-100 elementor-top-column elementor-element elementor-element-7eaa61f\" data-id=\"7eaa61f\" data-element_type=\"column\">\n\t\t\t<div class=\"elementor-widget-wrap elementor-element-populated\">\n\t\t\t\t\t\t\t\t<div class=\"elementor-element elementor-element-85c6cdc elementor-widget elementor-widget-qi_addons_for_elementor_section_title\" data-id=\"85c6cdc\" data-element_type=\"widget\" data-widget_type=\"qi_addons_for_elementor_section_title.default\">\n\t\t\t\t<div class=\"elementor-widget-container\">\n\t\t\t<div class=\"qodef-shortcode qodef-m  qodef-qi-section-title  qodef-decoration--italic  qodef-link--underline-draw qodef-subtitle-icon--left\">\n\t\t\t\t\t\t\t\t<div class=\"qodef-m-text\"><h2>Politica de Confidentialitate<\/h2><div>Politica de confidentialitate si protectia datelor cu caracter personal<br \/>\u00cen aceast\u0103 Politic\u0103 de confiden\u021bialitate \u0219i protec\u021bia datelor cu caracter personal, denumit\u0103 \u00een continuare Politica, g\u0103si\u021bi r\u0103spunsuri concrete despre cum sunt colectate \u0219i prelucrate datele dumneavoastr\u0103 personale. Dac\u0103 ave\u021bi o \u00eentrebare sau nel\u0103murire, legat\u0103 de aspectele prezentate ne pute\u021bi trimite \u00eentreb\u0103rile dumneavoastr\u0103 la adresa info@esysservices.eu sau la datele de contact furnizate mai jos.<br \/>Obiectivele demersului nostru, \u00een ordinea importan\u021bei, privind aceastei Politici sunt urm\u0103toarele:<br \/>respectarea dreptului dumneavoastr\u0103 fundamental la protec\u021bia datelor cu caracter personal \u0219i la intimitate;<br \/>respectarea prevederilor legale privind protec\u021bia datelor cu caracter personal;<br \/>informarea dvs. complet\u0103 \u0219i corect\u0103 cu privire la cine?, ce?, de ce?, unde?, p\u00e2n\u0103 c\u00e2nd? \u0219i cum? sunt prelucrate datele dumneavoastr\u0103 personale, pentru ca dumneavoastr\u0103 s\u0103 de\u021bine\u021bi, \u00een orice moment, controlul asupra datelor cu caracter personal pe care ni le \u00eencredin\u021ba\u021bi spre prelucrare pentru atingerea scopurilor noastre.<br \/>Aceasta este versiunea curent\u0103 \u0219i valabil\u0103 \u00een acest moment, fiind actualizat\u0103 la 05.08.2021.<br \/>1. Cum s\u0103 ne contacta\u021bi?<br \/>2. Ce acoper\u0103 Politica noastr\u0103?<br \/>3. Ce date personale colect\u0103m de la dvs., de ce \u0219i cum le prelucr\u0103m?<br \/>4. \u00cen ce scop \u0219i cum prelucr\u0103m datele colectate online, telefonic sau \u00een mod direct de dvs.?<br \/>5. Cine este responsabil pentru colectarea \u0219i prelucrarea datelor dvs. personale?<br \/>6. De la cine \u0219i cum colect\u0103m datele dvs. personale?<br \/>7. Care sunt temeiurile legale pe care ne baz\u0103m pentru prelucrarea datelor dvs. personale?<br \/>8. Prelucr\u0103m datele personale pentru crearea de profiluri sau pentru luarea deciziilor printr-un proces automatizat?<br \/>9. C\u00e2t timp p\u0103str\u0103m datele dvs. personale?<br \/>10. Cui dezv\u0103luim \/ divulg\u0103m datele dvs. personale?<br \/>11. Sunt datele dvs. personale \u00een siguran\u021b\u0103?<br \/>12. Suntem certifica\u021bi \u0219i am aderat la un cod de conduit\u0103?<br \/>13. Care sunt drepturile dvs. garantate de GDPR?<br \/>14. Cum v\u0103 pute\u021bi exercita aceste drepturi?<br \/><br \/>1. Cum s\u0103 ne contacta\u021bi?<br \/>Datele sunt colectate \u0219i prelucrate de S.C. ESYSSERVICES S.R.L., care este o persoan\u0103 juridic\u0103 rom\u00e2n\u0103, cu sediul \u00een Municipiul Braila, Aleea Invatatorilor nr. 2, Bl. M2, ap. 29, J09\/416\/2014, CUI 33466016, email: info@esysservices.eu , \/n Pentru orice probleme legate de protec\u021bia datelor cu caracter personal, precum \u0219i pentru exercitarea drepturilor dvs. garantate de Regulamentul General privind protectia datelor nr. 679\/2016 \u0219i de legisla\u021bia na\u021bional\u0103 \u00een vigoare pute\u021bi s\u0103 contacta\u021bi administratorul societatii la adresa: info@esysservices.eu . \/n \/n 2. Ce acoper\u0103 Politica noastr\u0103?<br \/>Aceasta Politic\u0103: produce efecte de la data ultimei actualiz\u0103rii.<br \/>Ultima actualizare a Politicii produce efecte din data de: 05.08.2021.<br \/>Politica noastr\u0103 se aplic\u0103 aplicatiei pentru Android si iOs denumita \u201eUPACK\u201d.<br \/><br \/>3. Ce date personale colect\u0103m de la dvs., de ce \u0219i cum le prelucr\u0103m?<br \/>Pentru desf\u0103\u0219urarea activit\u0103\u021bii noastre curente, prin intermediul aplicatiei UPACK colectam si prelucram urmatoarele date personale:<br \/><br \/>Datele expeditorului:<br \/>Nume<br \/>Prenume<br \/>Numar telefon<br \/>e-mail<br \/>Adresa de unde se expediaza coletul<br \/><br \/>Datele destinatarului<br \/>Nume<br \/>Prenume<br \/>Numar telefon<br \/>E-mail<br \/>Adresa de destinatie<br \/><br \/>4. \u00cen ce scop \u0219i cum prelucr\u0103m datele colectate online, telefonic sau \u00een mod direct de dvs.?<br \/>Datele personale se prelucreaz\u0103 specific doar \u00een m\u0103sura \u00een care este necesar \u0219i av\u00e2nd \u00een vedere scopul transportului de colete (curierat) de la expeditor la destinatar.<br \/>Prelucrarea va respecta principiul limitarii la scop, respectiv datele vor fi colectate \u00een scopuri determinate, explicite \u015fi legitime \u015fi nu sunt prelucrate ulterior \u00eentr-un mod incompatibil cu aceste scopuri; prelucrarea ulterioar\u0103 \u00een scopuri de arhivare \u00een interes public, \u00een scopuri de cercetare \u015ftiin\u0163ific\u0103 sau istoric\u0103 ori \u00een scopuri statistice nu este considerat\u0103 incompatibil\u0103 cu scopurile ini\u0163iale.<br \/>Aplica\u021bia mobil\u0103 va fi distribuit\u0103 prin intermediul magazinelor de aplica\u021bii ale companiilor Google \u0219i Apple.<br \/>5. De la cine \u0219i cum colect\u0103m datele dvs. personale?<br \/>Colect\u0103m datele dvs. personale direct de la dvs., fie prin intermediul formularelor pe care le completa\u021bi pe site, fie prin e-mailurile pe care ni le trimite\u021bi sau prin orice alt mijloc de comunicare la distan\u021b\u0103 (po\u0219t\u0103, curier rapid etc.), fie prin telefon. Colectam si prelucram datele destinatarilor de la expeditorii coletelor, caz in care vom informa destinatarii despre prelucrarea datelor lor personale.<br \/><br \/>6. Care sunt temeiurile legale pe care ne baz\u0103m pentru prelucrarea datelor dvs. personale?<br \/><br \/>Conform articolului 6 (1) din Regulamentul European nr. 679\/2016 prelucrarea datelor este necesar\u0103<br \/>pentru executarea unui contract la care persoana vizat\u0103 este parte sau<br \/>pentru a face demersuri la cererea persoanei vizate \u00eenainte de \u00eencheierea unui contract;<br \/>\u00een vederea \u00eendeplinirii unei obliga\u0163ii legale care \u00eei revine operatorului;(ex: facturarea serviciilor)<br \/><br \/>7. Prelucr\u0103m datele personale pentru crearea de profiluri sau pentru luarea deciziilor printr-un proces automatizat?<br \/>Nu folosim un proces exclusiv automat, f\u0103r\u0103 interven\u021bie uman\u0103 pentru a lua decizii cu privire la dvs.<br \/><br \/>8. C\u00e2t timp p\u0103str\u0103m datele dvs. personale?<br \/>Perioada de stocare a datelor cu caracter personal este durata stabilita de legislatia in vigoare pentru pastrarea documentelor fiscale.<br \/><br \/>10. Cui dezv\u0103luim \/ divulg\u0103m datele dvs. personale?<br \/>\u00cen func\u021bie de scopurile \u00een care prelucr\u0103m datele dvs. cu caracter personal, divulg\u0103m date c\u0103tre institu\u021biile \u0219i organismele statului, \u00een condi\u021biile legii (ITM, ANAF) sau c\u0103tre organele judiciare \/ de cercetare penal\u0103, \u00een condi\u021biile legii.<br \/>\u00cen condi\u021biile Procedurii de efectuare a investiga\u021biilor din 9 octombrie 2018, aprobat\u0103 prin Decizia nr. 161 din 9 octombrie 2018 privind aprobarea Procedurii de efectuare a investiga\u0163iilor de c\u0103tre Autoritatea Na\u0163ional\u0103 de Supraveghere a Prelucr\u0103rii Datelor cu Caracter Personal, ANSPDCP prime\u0219te acces complet \u0219i imediat la orice date personale prelucrate de noi \u0219i la orice informa\u021bii pe care le de\u021binem cu privire la dvs., f\u0103r\u0103 a putea opune caracterul confiden\u021bial al acestora. \/n De asemenea, transmiterea datelor se face c\u0103tre Departamentul Juridic (avocatul societ\u0103\u021bii), \u00een caz de daune cauzate de clien\u021bi sau de incidente \u00een care sunt implica\u021bi salaria\u021bi. De asemenea, datele sunt transmise catre persoanele imputernicite ale operatorului (IT, contabil).<br \/>In cazul in care vom transfera datele personale in state terte, vom lua masurile tehnice si organizatorice necesare pentru garantarea protectiei datelor si va vom aduce la cunostinta transferul.<br \/>11. Sunt datele dvs. personale \u00een siguran\u021b\u0103?<br \/>Pentru prelucrarea datelor dvs. personale \u00een condi\u021bii de siguran\u021b\u0103 pentru drepturile \u0219i libert\u0103\u021bile dvs. fundamentale am luat m\u0103suri tehnice \u0219i organizatorice adecvate pentru protec\u021bia datelor personale, printre care, dar f\u0103r\u0103 a ne limita la:<br \/>To\u021bi salaria\u021bii no\u0219tri semneaz\u0103 un acord de confiden\u021bialitate privind protec\u021bia datelor cu caracter personal prelucrate de ace\u0219tia pentru \u00eendeplinirea atribu\u021biilor lor de serviciu;<br \/>To\u021bi salaria\u021bii sunt instrui\u021bi corespunz\u0103tor cu privire la m\u0103surile de securitate implementate de noi \u0219i pe care trebuie s\u0103 le respecte pentru protec\u021bia datelor cu caracter personal;<br \/>Folosim doar servicii externe oferite de prestatori care demonstreaz\u0103 c\u0103 asigur\u0103 un nivel ridicat de securitate a datelor cu caracter personal prelucrate \u00een numele nostru;<br \/>Implement\u0103m m\u0103suri tehnice \u0219i organizatorice de securitate pentru protec\u021bia fizic\u0103 a loca\u021biilor \u00een care prelucr\u0103m date personale \u0219i a dispozitivelor pe care le folosim \u00een activitatea curent\u0103.<br \/>Toate m\u0103surile tehnice \u0219i organizatorice implementate de noi au scopul de a proteja datele dvs. personale \u00eempotriva prelucr\u0103rii neautorizate sau ilegale \u0219i \u00eempotriva pierderii, a distrugerii sau a deterior\u0103rii accidentale a acestora.<br \/><br \/>12. Suntem certifica\u021bi \u0219i am aderat la un cod de conduit\u0103?<br \/>\u00cen Rom\u00e2nia, p\u00e2n\u0103 la data actualiz\u0103rii prezentei Politici, nu s-a \u00eenfiin\u021bat un organism de certificare autorizat pentru a atesta faptul c\u0103 respect\u0103m legisla\u021bia \u00een vigoare cu privire la protec\u021bia datelor personale \u0219i nici nu a fost elaborat \u0219i aprobat un Cod de conduit\u0103 la care s\u0103 putem adera, motiv pentru care adopt\u0103m, inclusiv ca m\u0103suri de bune practici, orice mijloace de securitate posibile pentru a asigura un grad de protec\u021bie c\u00e2t mai ridicat pentru datele personale pe care le prelucr\u0103m.<br \/><br \/>13. Care sunt drepturile dvs. garantate de GDPR?<br \/>Pentru conformare la prevederile Regulamentului 679\/2016, v\u0103 garant\u0103m respectarea urm\u0103toarelor drepturi:<br \/>1. Ave\u021bi dreptul de a va retrage, \u00een orice moment, consim\u021b\u0103m\u00e2ntul cu privire la prelucrarea datelor cu caracter personal (in situatie in care prelucrarea se bazeaza pe consimtamantul dumneavoastra). Retragerea consim\u021b\u0103m\u00e2ntului nu afecteaz\u0103 legalitatea prelucr\u0103rii datelor personale efectuat\u0103 \u00eenainte de retragerea acestuia. Retragerea consim\u021b\u0103m\u00e2ntului se face la fel de u\u0219or ca acordarea acestuia, printr-un e-mail trimis pe adresa info@esysservices.eu .<br \/>2. Ave\u021bi dreptul de a primi acces la datele dvs. personale pe care le prelucr\u0103m, iar noi v\u0103 oferim o confirmare c\u0103 v\u0103 prelucr\u0103m datele personale, sau nu, iar, \u00een caz afirmativ, v\u0103 furnizam toate informa\u021biile obligatorii prev\u0103zute de art. 15 GDPR, precum \u0219i o copie a acestor date, dac\u0103 solicita\u021bi acest lucru, \u00een formatul solicitat de dvs. \u0219i pe calea de comunicare precizat\u0103 de dvs. \u00een cerere.<br \/>3. Ave\u021bi dreptul de a ob\u021bine de la noi rectificareadatelor cu caracter personal inexacte care v\u0103 privesc, f\u0103r\u0103 \u00eent\u00e2rzieri nejustificate, precum \u0219i completarea datelor cu caracter personal care sunt incomplete, inclusiv prin furnizarea unei declara\u021bii suplimentare. Trebuie s\u0103 comunic\u0103m rectificarea datelor dvs. personale destinatarilor datelor dvs. personale (dac\u0103 exist\u0103).<br \/>4. Ave\u021bi dreptul de a solicita \u0219tergerea datelor personale pe care le prelucr\u0103m.<br \/>Suntem obliga\u021bi s\u0103 \u0219tergem datele dvs. personale \u0219i vom face acest lucru f\u0103r\u0103 \u00eent\u00e2rzieri nejustificate, dac\u0103 se \u00eendeplinesc urm\u0103toarele condi\u021bii prev\u0103zute de art. 17, alin 1 \u0219i 2 din GDPR:<br \/>datele cu caracter personal nu mai sunt necesare pentru \u00eendeplinirea scopurilor pentru care au fost colectate sau prelucrate;<br \/>v\u0103 retrage\u021bi consim\u021b\u0103m\u00e2ntul pe baza c\u0103ruia are loc prelucrarea \u0219i nu exist\u0103 niciun alt temei juridic pentru prelucrare;<br \/>v\u0103 opune\u021bi prelucr\u0103rii din motive legate de situa\u021bia particular\u0103 \u00een care v\u0103 afla\u021bi \u0219i nu exist\u0103 motive legitime care s\u0103 prevaleze \u00een ceea ce prive\u0219te prelucrarea (art. 21, alin. 1 GDPR) sau v\u0103 opune\u021bi prelucr\u0103rii \u00een scop de marketing direct (art. 21, alin. 2 GDPR);<br \/>datele dvs. cu caracter personal au fost prelucrate ilegal;<br \/>datele dvs. cu caracter personal trebuie \u0219terse pentru respectarea unei obliga\u021bii legale care ne revine \u00een temeiul dreptului Uniunii sau al dreptului intern sub inciden\u021ba c\u0103ruia ne afl\u0103m;<br \/>datele cu caracter personal au fost colectate \u00een leg\u0103tur\u0103 cu oferirea de servicii ale societ\u0103\u021bii informa\u021bionale \u00een mod direct unui copil.<br \/>\u00cen cazul \u00een care am f\u0103cut publice datele cu caracter personal \u0219i suntem obliga\u021bi s\u0103 le \u0219tergem, \u021bin\u00e2nd seama de tehnologia disponibil\u0103 \u0219i de costul implement\u0103rii, lu\u0103m m\u0103suri rezonabile, inclusiv m\u0103suri tehnice, pentru a informa operatorii care v\u0103 prelucreaz\u0103 datele cu caracter personal c\u0103 a\u021bi solicitat \u0219tergerea de c\u0103tre ace\u0219ti operatori a oric\u0103ror linkuri c\u0103tre datele respective sau a oric\u0103ror copii sau reproduceri ale acestor date cu caracter personal.<br \/>Vom refuza \u0219tergerea datelor dvs. personale \u00een urm\u0103toarele condi\u021bii prev\u0103zute expres de art. 17, alin. 2 GDPR:<br \/>dac\u0103 prelucrarea datelor personale este necesar\u0103 pentru exercitarea dreptului la liber\u0103 exprimare \u0219i la informare;<br \/>dac\u0103 prelucrarea datelor personale este necesar\u0103 pentru respectarea unei obliga\u021bii legale care prevede prelucrarea \u00een temeiul dreptului Uniunii sau al dreptului intern care ni se aplic\u0103 sau pentru \u00eendeplinirea unei sarcini executate \u00een interes public sau \u00een cadrul exercit\u0103rii unei autorit\u0103\u021bi oficiale cu care suntem \u00eenvesti\u021bi, dac\u0103 va fi cazul;<br \/>dac\u0103 prelucrarea datelor personale este necesar\u0103 din motive de interes public \u00een domeniul s\u0103n\u0103t\u0103\u021bii publice, \u00een conformitate cu articolul 9 alineatul (2) literele (h) \u0219i (i) \u0219i cu articolul 9 alineatul (3) GDPR;<br \/>dac\u0103 prelucrarea datelor personale este necesar\u0103 \u00een scopuri de arhivare \u00een interes public, \u00een scopuri de cercetare \u0219tiin\u021bific\u0103 sau istoric\u0103 ori \u00een scopuri statistice, \u00een conformitate cu articolul 89 alineatul (1), \u00een m\u0103sura \u00een care exercitarea dreptului dvs. la \u0219tergerea datelor personale este susceptibil s\u0103 fac\u0103 imposibil\u0103 sau s\u0103 afecteze \u00een mod grav realizarea obiectivelor prelucr\u0103rii respective;<br \/>dac\u0103 prelucrarea datelor personale este necesar\u0103 pentru constatarea, exercitarea sau ap\u0103rarea unui drept \u00een instan\u021b\u0103.<br \/>e. Ave\u021bi dreptul de a solicita restric\u021bionarea datelor prelucrate \u00een urm\u0103toarele cazuri:<br \/>contesta\u021bi exactitatea datelor \u0219i vom restric\u021biona prelucrarea acestora pentru o perioad\u0103 care ne permite s\u0103 verific\u0103m exactitatea datelor;<br \/>prelucrarea este ilegal\u0103, iar dvs. v\u0103 opune\u021bi \u0219tergerii datelor cu caracter personal, solicit\u00e2nd \u00een schimb restric\u021bionarea utiliz\u0103rii lor;<br \/>noi nu mai avem nevoie de datele cu caracter personal \u00een scopul prelucr\u0103rii, dar dvs. ni le solicita\u021bi pentru constatarea, exercitarea sau ap\u0103rarea unui drept \u00een instan\u021b\u0103;<br \/>v\u0103 opune\u021bi prelucr\u0103rii \u00een conformitate cu art. 21 alin. 1 GDPR, pentru intervalul de timp \u00een care verific\u0103m dac\u0103 drepturile noastre legitime prevaleaz\u0103 asupra drepturilor dvs.<br \/>\u00cen cazul \u00een care prelucrarea a fost restric\u021bionat\u0103 \u00een temeiul motivelor expuse mai sus, datele dvs. cu caracter personal pot, cu excep\u021bia stoc\u0103rii, s\u0103 fie prelucrate numai cu consim\u021b\u0103m\u00e2ntul dvs. sau pentru constatarea, exercitarea sau ap\u0103rarea unui drept \u00een instan\u021b\u0103 sau pentru protec\u021bia drepturilor unei alte persoane fizice sau juridice sau din motive de interes public important al Uniunii sau al unui stat membru.<br \/>Dac\u0103 a\u021bi ob\u021binut de la noi restric\u021bionarea prelucr\u0103rii, ve\u021bi fi informat de c\u0103tre noi \u00eenainte de ridicarea restric\u021biei de prelucrare.<br \/>f. Ave\u021bi dreptul la portabilitatea datelor. Pute\u021bi solicita \u00een orice moment s\u0103 primi\u021bi datele cu caracter personal care v\u0103 privesc \u0219i pe care ni le-a\u021bi furnizat \u00eentr-un format structurat, utilizat \u00een mod curent \u0219i care poate fi citit automat \u0219i ave\u021bi dreptul de a transmite aceste date altui operator, f\u0103r\u0103 obstacole din partea noastr\u0103, \u00een cazul \u00een care:<br \/>prelucrarea se bazeaz\u0103 pe consim\u021b\u0103m\u00e2nt;<br \/>prelucrarea se bazeaz\u0103 pe un contract \u00eencheiat \u00eentre noi \u0219i dvs.<br \/>prelucrarea este efectuat\u0103 prin mijloace automate.<br \/>\u00cen exercitarea dreptului dvs. la portabilitatea datelor ave\u021bi dreptul ca datele cu caracter personal s\u0103 fie transmise direct de la un operator la altul acolo unde acest lucru este fezabil din punct de vedere tehnic.<br \/>Exercitarea dreptului dvs. la portabilitatea datelor nu aduce atingere articolului 17 GDPR (dreptul la \u0219tergerea datelor personale), deoarece respectivul drept nu se aplic\u0103 prelucr\u0103rii necesare pentru \u00eendeplinirea unei sarcini executate \u00een interes public sau \u00een cadrul exercit\u0103rii unei autorit\u0103\u021bi oficiale cu care este \u00eenvestit operatorul.<br \/>Dreptul dvs. la portabilitatea datelor nu aduce atingere drepturilor \u0219i libert\u0103\u021bilor altora<br \/><br \/>g. Ave\u021bi dreptul de a v\u0103 opune, \u00een orice moment, din motive legate de situa\u021bia particular\u0103 \u00een care v\u0103 afla\u021bi, prelucr\u0103rii datelor personale efectuate \u00een temeiul art. 6, alin. 1, lit. e) sau f) din GDPR, inclusiv cre\u0103rii de profiluri pe baza respectivelor dispozi\u0163ii.<br \/>Oprim imediat prelucrarea datelor personale \u00een cazul \u00een care v\u0103 opune\u021bi prelucr\u0103rii, cu excep\u0163ia cazului \u00een care demonstr\u0103m c\u0103 avem motive legitime \u015fi imperioase care justific\u0103 prelucrarea \u015fi care prevaleaz\u0103 asupra intereselor, drepturilor \u015fi libert\u0103\u0163ilor dvs. sau c\u0103 scopul este constatarea, exercitarea sau ap\u0103rarea unui drept \u00een instan\u0163\u0103.<br \/>Atunci c\u00e2nd prelucrarea datelor cu caracter personal are drept scop marketingul direct, ave\u021bi dreptul de a v\u0103 opune \u00een orice moment prelucr\u0103rii \u00een acest scop a datelor cu caracter personal care v\u0103 privesc, inclusiv cre\u0103rii de profiluri, \u00een m\u0103sura \u00een care este legat\u0103 de marketingul direct respectiv, iar noi vom \u00eenceta imediat prelucrarea datelor dvs. personale \u00een scop de marketing direct.<br \/>\u00cen contextul utiliz\u0103rii serviciilor societ\u0103\u021bii informa\u021bionale v\u0103 pute\u021bi exercita dreptul de a v\u0103 opune prelucr\u0103rii datelor personale prin mijloace automate care utilizeaz\u0103 specifica\u021bii tehnice.<br \/>\u00cen cazul \u00een care prelucr\u0103m datele dvs. personale \u00een scopuri de cercetare \u0219tiin\u021bific\u0103 sau istoric\u0103 sau \u00een scopuri statistice, pute\u021bi, din motive legate de situa\u021bia dvs. particular\u0103, s\u0103 v\u0103 opune\u021bi prelucr\u0103rii datelor cu caracter personal care v\u0103 privesc, cu excep\u021bia cazului \u00een care prelucrarea este necesar\u0103 pentru \u00eendeplinirea unei sarcini din motive de interes public.<br \/>h. Ave\u021bi dreptul de a nu face obiectul unei decizii bazate exclusiv pe prelucrarea automat\u0103, inclusiv crearea de profiluri, care produce efecte juridice care v\u0103 privesc sau v\u0103 afecteaz\u0103 \u00een mod similar \u00eentr-o m\u0103sur\u0103 semnificativ\u0103.<br \/>Dreptul dvs. de a nu face obiectul unei decizii bazate exclusiv pe prelucrarea automat\u0103 nu se aplic\u0103 \u00een cazul \u00een care decizia:<br \/>1. este necesar\u0103 pentru \u00eencheierea sau executarea unui contract \u00eentre dvs. \u015fi noi;<br \/>2. este autorizat\u0103 prin dreptul Uniunii sau dreptul intern care ni se aplic\u0103 nou\u0103 \u015fi care prevede, de asemenea, m\u0103suri corespunz\u0103toare pentru protejarea drepturilor, libert\u0103\u0163ilor \u015fi intereselor dvs. legitime;<br \/>3. dac\u0103 are la baz\u0103 consim\u0163\u0103m\u00e2ntul dvs. explicit.<br \/>\u00cen cazurile men\u0163ionate la literele (a) \u015fi (c), punem \u00een aplicare m\u0103suri corespunz\u0103toare pentru protejarea drepturilor, libert\u0103\u0163ilor \u015fi intereselor dvs. Legitime \u0219i v\u0103 garant\u0103m cel pu\u0163in dreptul dvs. de a ob\u0163ine interven\u0163ie uman\u0103 din partea noastr\u0103 pentru a v\u0103 exprima punctul de vedere \u015fi a contesta decizia.<br \/>i. Ave\u021bi dreptul de a depune o pl\u00e2ngere \u00een fa\u021ba ANSPCP. Datele de contact ale Autorit\u0103\u021bii Na\u0163ionale de Supraveghere a Prelucr\u0103rii Datelor cu Caracter Personal sunt: B-dul G-ral. Gheorghe Magheru 28-30, Sector 1, cod po\u0219tal 010336, Bucure\u0219ti, Rom\u00e2nia, Email: anspdcp@dataprotection.ro, Telefon fix: +40.318.059.211, +40.318.059.212, Fax +40.318.059.602.<br \/><br \/>14. Cum v\u0103 pute\u021bi exercita aceste drepturi?<br \/>Pute\u021bi s\u0103 v\u0103 exercita\u021bi toate drepturile printr-o cerere depus\u0103 la sediul nostru sau prin e-mail, folosind datele de contact din preambul.<\/div><\/div>\n\t<\/div>\n\t\t<\/div>\n\t\t\t\t<\/div>\n\t\t\t\t\t<\/div>\n\t\t<\/div>\n\t\t\t\t\t\t\t<\/div>\n\t\t<\/section>\n\t\t\t\t\t\t\t<\/div>\n\t\t","protected":false},"excerpt":{"rendered":"<p>Politica de Confidentialitate Politica de confidentialitate si protectia datelor cu caracter personal\u00cen aceast\u0103 Politic\u0103 de confiden\u021bialitate \u0219i protec\u021bia datelor cu caracter personal, denumit\u0103 \u00een continuare Politica, g\u0103si\u021bi r\u0103spunsuri concrete despre cum sunt colectate \u0219i prelucrate datele dumneavoastr\u0103 personale. Dac\u0103 ave\u021bi o \u00eentrebare sau nel\u0103murire, legat\u0103 de aspectele prezentate ne pute\u021bi trimite \u00eentreb\u0103rile dumneavoastr\u0103 la adresa [&hellip;]<\/p>\n","protected":false},"author":1,"featured_media":0,"parent":0,"menu_order":0,"comment_status":"closed","ping_status":"closed","template":"","meta":{"content-type":"","footnotes":""},"class_list":["post-1523","page","type-page","status-publish","hentry"],"_links":{"self":[{"href":"https:\/\/upack.mcdp.ro\/index.php\/wp-json\/wp\/v2\/pages\/1523","targetHints":{"allow":["GET"]}}],"collection":[{"href":"https:\/\/upack.mcdp.ro\/index.php\/wp-json\/wp\/v2\/pages"}],"about":[{"href":"https:\/\/upack.mcdp.ro\/index.php\/wp-json\/wp\/v2\/types\/page"}],"author":[{"embeddable":true,"href":"https:\/\/upack.mcdp.ro\/index.php\/wp-json\/wp\/v2\/users\/1"}],"replies":[{"embeddable":true,"href":"https:\/\/upack.mcdp.ro\/index.php\/wp-json\/wp\/v2\/comments?post=1523"}],"version-history":[{"count":4,"href":"https:\/\/upack.mcdp.ro\/index.php\/wp-json\/wp\/v2\/pages\/1523\/revisions"}],"predecessor-version":[{"id":1527,"href":"https:\/\/upack.mcdp.ro\/index.php\/wp-json\/wp\/v2\/pages\/1523\/revisions\/1527"}],"wp:attachment":[{"href":"https:\/\/upack.mcdp.ro\/index.php\/wp-json\/wp\/v2\/media?parent=1523"}],"curies":[{"name":"wp","href":"https:\/\/api.w.org\/{rel}","templated":true}]}}