{"id":1518,"date":"2023-03-16T08:17:29","date_gmt":"2023-03-16T08:17:29","guid":{"rendered":"https:\/\/upack.mcdp.ro\/?page_id=1518"},"modified":"2023-03-16T08:18:40","modified_gmt":"2023-03-16T08:18:40","slug":"date-personale","status":"publish","type":"page","link":"https:\/\/upack.mcdp.ro\/index.php\/date-personale\/","title":{"rendered":"Date personale"},"content":{"rendered":"\t\t<div data-elementor-type=\"wp-page\" data-elementor-id=\"1518\" class=\"elementor elementor-1518\">\n\t\t\t\t\t\t\t\t\t<section class=\"elementor-section elementor-top-section elementor-element elementor-element-9f8f6bd elementor-section-boxed elementor-section-height-default elementor-section-height-default qodef-elementor-content-no\" data-id=\"9f8f6bd\" data-element_type=\"section\">\n\t\t\t\t\t\t<div class=\"elementor-container elementor-column-gap-default\">\n\t\t\t\t\t<div class=\"elementor-column elementor-col-100 elementor-top-column elementor-element elementor-element-fc0c2cc\" data-id=\"fc0c2cc\" data-element_type=\"column\">\n\t\t\t<div class=\"elementor-widget-wrap elementor-element-populated\">\n\t\t\t\t\t\t\t\t<div class=\"elementor-element elementor-element-537d30b elementor-widget elementor-widget-qi_addons_for_elementor_section_title\" data-id=\"537d30b\" data-element_type=\"widget\" data-widget_type=\"qi_addons_for_elementor_section_title.default\">\n\t\t\t\t<div class=\"elementor-widget-container\">\n\t\t\t<div class=\"qodef-shortcode qodef-m  qodef-qi-section-title  qodef-decoration--italic  qodef-link--underline-draw qodef-subtitle-icon--left\">\n\t\t\t\t\t\t\t\t<div class=\"qodef-m-text\"><h2>NOT\u0102 DE INFORMARE privind prelucrarea datelor cu caracter personal<\/h2><div>S.C. ESYSSERVICES S.R.L., care este o persoan\u0103 juridic\u0103 rom\u00e2n\u0103, cu sediul \u00een Municipiul Braila, Aleea Invatatorilor nr. 2, Bl. M2, ap. 29, J09\/416\/2014, CUI 33466016, email: info@esysservices.eu, v\u0103 informeaz\u0103 prin prezenta despre prelucrarea datelor dumneavoastr\u0103 personale \u0219i drepturile pe care le ave\u021bi \u00een conformitate cu REGULAMENTUL (UE) 2016\/679 al Parlamentului European \u0219i al Consiliului din 27 aprilie 2016 (denumit \u00een continuare GDPR) \u0219i legisla\u021bia na\u021bional\u0103 privind protec\u021bia \u0219i securitatea datelor personale, \u00een vigoare.<br \/>Scopurile \u0219i baza legal\u0103 a prelucr\u0103rilor<br \/>\u00cen conformitate cu legisla\u0163ia na\u0163ional\u0103 - Legea nr. 190\/2018 privind m\u0103suri de punere \u00een aplicare a Regulamentului (UE) 2016\/679 al Parlamentului European \u0219i al Consiliului din 27 aprilie 2016 privind protec\u021bia persoanelor fizice \u00een ceea ce prive\u0219te prelucrarea datelor cu caracter personal \u0219i privind libera circula\u021bie a acestor date \u0219i de abrogare a Directivei 95\/46\/CE, - \u015fi european\u0103 - Regulamentul 2016\/679\/UE, ESYSSERVICES SRL \u2013 detinator al aplicatiei de transport colete \u201eUpack\u201d are obliga\u0163ia de a administra \u00een condi\u0163ii de siguran\u0163\u0103 \u015fi numai pentru scopurile specificate, datele personale care \u00eei sunt furnizate.<br \/>ESYSSERVICES SRL prelucreaz\u0103 datele dvs. personale \u00een conformitate cu prevederile GDPR, \u00een calitate de operator pentru:<br \/>Activitate curent\u0103 de transport colete<br \/>\u00cenregistrarea \u0219i solu\u021bionarea pl\u00e2ngerilor \/ sesiz\u0103rilor \/ cererilor persoanelor vizate;<br \/>\u00cencheiere contracte de furnizare de bunuri \/ servicii;<br \/>Temeiul legal al prelucr\u0103rii datelor<br \/>Prelucrarea datelor dumneavoastr\u0103 cu caracter personal este necesar\u0103:<br \/>Pentru executarea unui contract la care dvs. sunte\u021bi parte sau pentru a face demersuri la cererea dvs. \u00eenainte de \u00eencheierea unui contract, conform art. 6 alin. 1 litera b) din GDPR;<br \/>Tipuri de date cu caracter personal pe care le prelucr\u0103m<br \/>Politica privind protec\u021bia \u0219i securitatea datelor personale a ESYSSERVICES SRL este de a colecta numai datele personale necesare \u00een scopurile men\u021bionate \u0219i de a solicita persoanelor vizate s\u0103 ne comunice numai acele date cu caracter personal strict necesare \u00eendeplinirii acestor scopuri.<br \/>Categoriile de date personale (clasice sau digitale) supuse prelucr\u0103rilor la nivelul .ESYSSERVICES SRL sunt urm\u0103toarele:<br \/>Nume \u0219i prenume;<br \/>Detalii de contact - num\u0103r de telefon, adres\u0103 de email, adresa de domiciliu\/re\u0219edin\u021b\u0103\/ adresa de coresponden\u021b\u0103.<br \/>Sursa datelor cu caracter personal<br \/>ESYSSERVICES SRL colecteaz\u0103 date personale direct de de la ter\u021bi (expeditori colete) care se adreseaz\u0103 serviciilor noastre de transport in scopul transferului de bunuri de la expeditor la dumneavoastra (destinatar).<br \/>\u00cen cazul \u00een care trebuie s\u0103 prelucr\u0103m date cu caracter personal ob\u021binute de la ter\u021bi persoane juridice, ace\u0219tia din urm\u0103 au obliga\u021bia de a v\u0103 furniza informa\u021biile necesare cu privire la utilizarea datelor cu caracter personal transmise c\u0103tre noi.<br \/>Categorii de destinatari ai datelor cu caracter personal<br \/>\u00cen func\u021bie de scopurile \u00een care prelucr\u0103m datele dvs. cu caracter personal, divulg\u0103m date c\u0103tre institu\u021biile \u0219i organismele statului, \u00een condi\u021biile legii (ITM, ANAF) sau c\u0103tre organele judiciare \/ de cercetare penal\u0103, \u00een condi\u021biile legii.<br \/>\u00cen condi\u021biile Procedurii de efectuare a investiga\u021biilor din 9 octombrie 2018, aprobat\u0103 prin Decizia nr. 161 din 9 octombrie 2018 privind aprobarea Procedurii de efectuare a investiga\u0163iilor de c\u0103tre Autoritatea Na\u0163ional\u0103 de Supraveghere a Prelucr\u0103rii Datelor cu Caracter Personal, ANSPDCP prime\u0219te acces complet \u0219i imediat la orice date personale prelucrate de noi \u0219i la orice informa\u021bii pe care le de\u021binem cu privire la dvs., f\u0103r\u0103 a putea opune caracterul confiden\u021bial al acestora.<br \/>De asemenea, transmiterea datelor se face c\u0103tre Departamentul Juridic (avocatul societ\u0103\u021bii), \u00een caz de daune cauzate de clien\u021bi sau de incidente \u00een care sunt implica\u021bi salaria\u021bi. De asemenea, datele sunt transmise catre persoanele imputernicite ale operatorului (IT, contabil).<br \/>In cazul in care vom transfera datele personale in state terte, vom lua masurile tehnice si organizatorice necesare pentru garantarea protectiei datelor si va vom aduce la cunostinta transferul.<br \/>Dezv\u0103luirea datelor c\u0103tre ter\u021bi se face conform prevederilor legale pentru categoriile de destinatari preciza\u021bi anterior.<br \/>Perioada de stocare a datelor personale<br \/>Perioada de stocare a datelor cu caracter personal este durata stabilita de legislatia in vigoare pentru pastrarea documentelor fiscale.<br \/>Transferul de date cu caracter personal c\u0103tre \u021b\u0103ri ter\u021be sau organiza\u021bii interna\u021bionale<br \/>ESYSSERVICES SRL nu transfer\u0103 date cu caracter personal c\u0103tre \u021b\u0103ri ter\u021be sau organiza\u021bii interna\u021bionale.<br \/>\u00cen cazul \u00een care va transfera date cu caracter personal c\u0103tre \u021b\u0103ri ter\u021be sau organiza\u021bii interna\u021bionale, ve\u021bi fi contactat \u0219i informat \u00een detaliu asupra acestei prelucr\u0103ri, \u00een conformitate cu prevederile GDPR.<br \/>Drepturile dumneavoastr\u0103 \u0219i modul de exercitare al acestora<br \/>Conform prevederilor legale aplicabile, beneficia\u0163i de dreptul de acces, dreptul la rectificare, dreptul la \u015ftergerea datelor, dreptul la restric\u0163ionarea prelucr\u0103rii, dreptul la portabilitatea datelor, dreptul la opozi\u0163ie \u015fi procesul decizional individual automatizat.<br \/>Pentru exercitarea drepturilor dvs. v\u0103 rug\u0103m s\u0103 contacta\u021bi direct, responsabilul cu protec\u021bia datelor \u00een scris la sediul societatii (din preambul) sau la adresa de e-mail info@esysservices.ro.<br \/>Ave\u021bi dreptul de a dreptul de a depune o pl\u00e2ngere \u00een fa\u021ba ANSPCP. Datele de contact ale Autorit\u0103\u021bii Na\u0163ionale de Supraveghere a Prelucr\u0103rii Datelor cu Caracter Personal sunt: B-dul G-ral. Gheorghe Magheru 28-30, Sector 1, cod po\u0219tal 010336, Bucure\u0219ti, Rom\u00e2nia, Email: anspdcp@dataprotection.ro, Telefon fix: +40.318.059.211, +40.318.059.212, Fax+40.318.059.602.<\/div><\/div>\n\t<\/div>\n\t\t<\/div>\n\t\t\t\t<\/div>\n\t\t\t\t\t<\/div>\n\t\t<\/div>\n\t\t\t\t\t\t\t<\/div>\n\t\t<\/section>\n\t\t\t\t\t\t\t<\/div>\n\t\t","protected":false},"excerpt":{"rendered":"<p>NOT\u0102 DE INFORMARE privind prelucrarea datelor cu caracter personal S.C. ESYSSERVICES S.R.L., care este o persoan\u0103 juridic\u0103 rom\u00e2n\u0103, cu sediul \u00een Municipiul Braila, Aleea Invatatorilor nr. 2, Bl. M2, ap. 29, J09\/416\/2014, CUI 33466016, email: info@esysservices.eu, v\u0103 informeaz\u0103 prin prezenta despre prelucrarea datelor dumneavoastr\u0103 personale \u0219i drepturile pe care le ave\u021bi \u00een conformitate cu REGULAMENTUL [&hellip;]<\/p>\n","protected":false},"author":1,"featured_media":0,"parent":0,"menu_order":0,"comment_status":"closed","ping_status":"closed","template":"","meta":{"content-type":"","footnotes":""},"class_list":["post-1518","page","type-page","status-publish","hentry"],"_links":{"self":[{"href":"https:\/\/upack.mcdp.ro\/index.php\/wp-json\/wp\/v2\/pages\/1518","targetHints":{"allow":["GET"]}}],"collection":[{"href":"https:\/\/upack.mcdp.ro\/index.php\/wp-json\/wp\/v2\/pages"}],"about":[{"href":"https:\/\/upack.mcdp.ro\/index.php\/wp-json\/wp\/v2\/types\/page"}],"author":[{"embeddable":true,"href":"https:\/\/upack.mcdp.ro\/index.php\/wp-json\/wp\/v2\/users\/1"}],"replies":[{"embeddable":true,"href":"https:\/\/upack.mcdp.ro\/index.php\/wp-json\/wp\/v2\/comments?post=1518"}],"version-history":[{"count":4,"href":"https:\/\/upack.mcdp.ro\/index.php\/wp-json\/wp\/v2\/pages\/1518\/revisions"}],"predecessor-version":[{"id":1522,"href":"https:\/\/upack.mcdp.ro\/index.php\/wp-json\/wp\/v2\/pages\/1518\/revisions\/1522"}],"wp:attachment":[{"href":"https:\/\/upack.mcdp.ro\/index.php\/wp-json\/wp\/v2\/media?parent=1518"}],"curies":[{"name":"wp","href":"https:\/\/api.w.org\/{rel}","templated":true}]}}